{"id":4031,"date":"2020-09-21T19:05:56","date_gmt":"2020-09-21T19:05:56","guid":{"rendered":"https:\/\/motokary-karting.sk\/?post_type=product&#038;p=4031"},"modified":"2025-08-29T14:19:14","modified_gmt":"2025-08-29T14:19:14","slug":"duro-pujcovna-pneumatik-zadni-extra-tvrda-11-x-7-1-5-hf-242","status":"publish","type":"product","link":"https:\/\/motokary-karting.sk\/cz\/produkt\/duro-rental-tyre-zadna-extra-hard-11-x-7-1-5-hf-242\/","title":{"rendered":"Pneumatika DURO z p\u016fj\u010dovny extra tvrd\u00e1 zadn\u00ed 11 x 7.1-5 | HF-242 | SADA 2 kus\u016f"},"content":{"rendered":"<p>Pneumatiky na motok\u00e1ry z p\u016fj\u010dovny - pro vnit\u0159n\u00ed i venkovn\u00ed pou\u017eit\u00ed.<\/p>\n<p>Motok\u00e1rov\u00e9 pneumatiky DURO = vynikaj\u00edc\u00ed v\u00fdkon i p\u0159i n\u00edzk\u00fdch rychlostech<br \/>\nvenkovn\u00ed teploty. Ide\u00e1ln\u00ed pom\u011br cena\/v\u00fdkon a dlouh\u00e1 \u017eivotnost.<\/p>","protected":false},"excerpt":{"rendered":"<p>Pneumatiky na motok\u00e1ry z p\u016fj\u010dovny - pro vnit\u0159n\u00ed i venkovn\u00ed pou\u017eit\u00ed. Motok\u00e1rov\u00e9 pneumatiky DURO = vynikaj\u00edc\u00ed v\u00fdkon i p\u0159i n\u00edzk\u00fdch venkovn\u00edch teplot\u00e1ch. Ide\u00e1ln\u00ed cenov\u00fd pom\u011br...<\/p>","protected":false},"featured_media":13280,"template":"","meta":[],"product_brand":[],"product_cat":[1158,116,77],"product_tag":[1135,1138,81,1137,1139,115,1136],"class_list":{"0":"post-4031","1":"product","2":"type-product","3":"status-publish","4":"has-post-thumbnail","6":"product_cat-duro","7":"product_cat-hobby-pneu","8":"product_cat-rental-karting","9":"product_tag-duro","10":"product_tag-duro-do-pozicovne-motokar","11":"product_tag-motokary","12":"product_tag-pneu-do-pozicovne","13":"product_tag-pneu-duro","14":"product_tag-pneudopozicovnemotokar","15":"product_tag-pneumatika-duro","17":"first","18":"instock","19":"taxable","20":"shipping-taxable","21":"purchasable","22":"product-type-simple","23":"customify-col","24":"product-has-gallery"},"aioseo_notices":[],"_links":{"self":[{"href":"https:\/\/motokary-karting.sk\/cz\/wp-json\/wp\/v2\/product\/4031","targetHints":{"allow":["GET"]}}],"collection":[{"href":"https:\/\/motokary-karting.sk\/cz\/wp-json\/wp\/v2\/product"}],"about":[{"href":"https:\/\/motokary-karting.sk\/cz\/wp-json\/wp\/v2\/types\/product"}],"wp:featuredmedia":[{"embeddable":true,"href":"https:\/\/motokary-karting.sk\/cz\/wp-json\/wp\/v2\/media\/13280"}],"wp:attachment":[{"href":"https:\/\/motokary-karting.sk\/cz\/wp-json\/wp\/v2\/media?parent=4031"}],"wp:term":[{"taxonomy":"product_brand","embeddable":true,"href":"https:\/\/motokary-karting.sk\/cz\/wp-json\/wp\/v2\/product_brand?post=4031"},{"taxonomy":"product_cat","embeddable":true,"href":"https:\/\/motokary-karting.sk\/cz\/wp-json\/wp\/v2\/product_cat?post=4031"},{"taxonomy":"product_tag","embeddable":true,"href":"https:\/\/motokary-karting.sk\/cz\/wp-json\/wp\/v2\/product_tag?post=4031"}],"curies":[{"name":"wp","href":"https:\/\/api.w.org\/{rel}","templated":true}]}}