{"id":4042,"date":"2020-09-21T19:24:43","date_gmt":"2020-09-21T19:24:43","guid":{"rendered":"https:\/\/motokary-karting.sk\/?post_type=product&#038;p=4042"},"modified":"2025-08-29T14:18:42","modified_gmt":"2025-08-29T14:18:42","slug":"duro-pujcovna-pneumatik-predni-vysoka-10-x-4-5-5-hf-242b-vysoka","status":"publish","type":"product","link":"https:\/\/motokary-karting.sk\/cz\/produkt\/duro-rental-tyre-predna-high-10-x-4-5-5-hf-242b-vysoka\/","title":{"rendered":"Pneumatika z p\u016fj\u010dovny DURO p\u0159edn\u00ed -HIGH- 10 x 4,5-5 | HF-242B \/high\/ | SET of 2"},"content":{"rendered":"<p>Pneumatiky na motok\u00e1ry z p\u016fj\u010dovny - pro vnit\u0159n\u00ed i venkovn\u00ed pou\u017eit\u00ed.<\/p>\n<p>\u201ePneumatiky \u201cHigh\" pro motok\u00e1ry DURO jsou nyn\u00ed k dispozici pro p\u0159edn\u00ed i zadn\u00ed n\u00e1pravu<br \/>\npro pron\u00e1jem motok\u00e1r. Vhodn\u00e9 na nerovn\u00e9 silnice nebo silnice s vysok\u00fdmi obrubn\u00edky.<br \/>\nPodvozek, brzdov\u00e9 kotou\u010de, \u0159et\u011bz nebo \u0159et\u011bzov\u00e1 kola maj\u00ed nyn\u00ed o 5 mm v\u011bt\u0161\u00ed sv\u011btlou v\u00fd\u0161ku, aby se sn\u00ed\u017eil kontakt. Chr\u00e1n\u00ed materi\u00e1l bez ztr\u00e1ty v\u00fdkonu.<\/p>\n<p>Motok\u00e1rov\u00e9 pneumatiky DURO = vynikaj\u00edc\u00ed v\u00fdkon<br \/>\ni p\u0159i n\u00edzk\u00fdch venkovn\u00edch teplot\u00e1ch.<\/p>\n<p>Ide\u00e1ln\u00ed pom\u011br ceny a v\u00fdkonu a dlouh\u00e1 \u017eivotnost.<\/p>","protected":false},"excerpt":{"rendered":"<p>Pneumatiky na motok\u00e1ry z p\u016fj\u010dovny - pro vnit\u0159n\u00ed i venkovn\u00ed pou\u017eit\u00ed. \u201eVysok\u00e1\u201c motok\u00e1rov\u00e1 pneumatika DURO je nyn\u00ed k dispozici pro p\u0159edn\u00ed i zadn\u00ed n\u00e1pravu...<\/p>","protected":false},"featured_media":13276,"template":"","meta":[],"product_brand":[],"product_cat":[1158,116,77],"product_tag":[1135,1138,81,1137,1139,115,1136],"class_list":{"0":"post-4042","1":"product","2":"type-product","3":"status-publish","4":"has-post-thumbnail","6":"product_cat-duro","7":"product_cat-hobby-pneu","8":"product_cat-rental-karting","9":"product_tag-duro","10":"product_tag-duro-do-pozicovne-motokar","11":"product_tag-motokary","12":"product_tag-pneu-do-pozicovne","13":"product_tag-pneu-duro","14":"product_tag-pneudopozicovnemotokar","15":"product_tag-pneumatika-duro","17":"first","18":"onbackorder","19":"taxable","20":"shipping-taxable","21":"purchasable","22":"product-type-simple","23":"customify-col","24":"product-has-gallery"},"aioseo_notices":[],"_links":{"self":[{"href":"https:\/\/motokary-karting.sk\/cz\/wp-json\/wp\/v2\/product\/4042","targetHints":{"allow":["GET"]}}],"collection":[{"href":"https:\/\/motokary-karting.sk\/cz\/wp-json\/wp\/v2\/product"}],"about":[{"href":"https:\/\/motokary-karting.sk\/cz\/wp-json\/wp\/v2\/types\/product"}],"wp:featuredmedia":[{"embeddable":true,"href":"https:\/\/motokary-karting.sk\/cz\/wp-json\/wp\/v2\/media\/13276"}],"wp:attachment":[{"href":"https:\/\/motokary-karting.sk\/cz\/wp-json\/wp\/v2\/media?parent=4042"}],"wp:term":[{"taxonomy":"product_brand","embeddable":true,"href":"https:\/\/motokary-karting.sk\/cz\/wp-json\/wp\/v2\/product_brand?post=4042"},{"taxonomy":"product_cat","embeddable":true,"href":"https:\/\/motokary-karting.sk\/cz\/wp-json\/wp\/v2\/product_cat?post=4042"},{"taxonomy":"product_tag","embeddable":true,"href":"https:\/\/motokary-karting.sk\/cz\/wp-json\/wp\/v2\/product_tag?post=4042"}],"curies":[{"name":"wp","href":"https:\/\/api.w.org\/{rel}","templated":true}]}}