{"id":4077,"date":"2020-09-18T20:31:18","date_gmt":"2020-09-18T20:31:18","guid":{"rendered":"https:\/\/motokary-karting.sk\/?post_type=product&#038;p=4077"},"modified":"2025-08-29T14:19:25","modified_gmt":"2025-08-29T14:19:25","slug":"mitas-pujcovna-pneumatik-srx-redextra-hard-11-x-7-10-5-vzadu","status":"publish","type":"product","link":"https:\/\/motokary-karting.sk\/cz\/produkt\/mitas-rental-tire-srx-redextra-hard-11-x-7-10-5-zadna\/","title":{"rendered":"Pneumatiky Mitas SRX z p\u016fj\u010dovny | \u010derven\u00e1=extra tvrd\u00e1 | 11 x 7.10 - 5 zadn\u00ed \u23ae SADA 2 ks"},"content":{"rendered":"<p>Pneumatiky na motok\u00e1ry z p\u016fj\u010dovny - pro vnit\u0159n\u00ed i venkovn\u00ed pou\u017eit\u00ed.<\/p>","protected":false},"excerpt":{"rendered":"<p>Pneumatiky na motok\u00e1ry z p\u016fj\u010dovny - pro vnit\u0159n\u00ed i venkovn\u00ed pou\u017eit\u00ed.<\/p>","protected":false},"featured_media":13285,"template":"","meta":[],"product_brand":[],"product_cat":[116,1157,77],"product_tag":[142,114,1156,81,1137,1154,1155,115,290],"class_list":{"0":"post-4077","1":"product","2":"type-product","3":"status-publish","4":"has-post-thumbnail","6":"product_cat-hobby-pneu","7":"product_cat-mitas-pneumatiky-pozicovna","8":"product_cat-rental-karting","9":"product_tag-karting","10":"product_tag-mitas","11":"product_tag-mitas-pneu-do-pozicovne-motokar","12":"product_tag-motokary","13":"product_tag-pneu-do-pozicovne","14":"product_tag-pneu-do-pozicovne-motokar","15":"product_tag-pneu-mitas","16":"product_tag-pneudopozicovnemotokar","17":"product_tag-pozicovna-motokar","19":"first","20":"onbackorder","21":"taxable","22":"shipping-taxable","23":"purchasable","24":"product-type-simple","25":"customify-col","26":"product-has-gallery"},"aioseo_notices":[],"_links":{"self":[{"href":"https:\/\/motokary-karting.sk\/cz\/wp-json\/wp\/v2\/product\/4077","targetHints":{"allow":["GET"]}}],"collection":[{"href":"https:\/\/motokary-karting.sk\/cz\/wp-json\/wp\/v2\/product"}],"about":[{"href":"https:\/\/motokary-karting.sk\/cz\/wp-json\/wp\/v2\/types\/product"}],"wp:featuredmedia":[{"embeddable":true,"href":"https:\/\/motokary-karting.sk\/cz\/wp-json\/wp\/v2\/media\/13285"}],"wp:attachment":[{"href":"https:\/\/motokary-karting.sk\/cz\/wp-json\/wp\/v2\/media?parent=4077"}],"wp:term":[{"taxonomy":"product_brand","embeddable":true,"href":"https:\/\/motokary-karting.sk\/cz\/wp-json\/wp\/v2\/product_brand?post=4077"},{"taxonomy":"product_cat","embeddable":true,"href":"https:\/\/motokary-karting.sk\/cz\/wp-json\/wp\/v2\/product_cat?post=4077"},{"taxonomy":"product_tag","embeddable":true,"href":"https:\/\/motokary-karting.sk\/cz\/wp-json\/wp\/v2\/product_tag?post=4077"}],"curies":[{"name":"wp","href":"https:\/\/api.w.org\/{rel}","templated":true}]}}