{"id":4096,"date":"2020-09-18T21:16:39","date_gmt":"2020-09-18T21:16:39","guid":{"rendered":"https:\/\/motokary-karting.sk\/?post_type=product&#038;p=4096"},"modified":"2026-01-23T09:56:23","modified_gmt":"2026-01-23T09:56:23","slug":"motor-motocyklu-4t-rental3-390cc-9kw","status":"publish","type":"product","link":"https:\/\/motokary-karting.sk\/cz\/produkt\/motokarovy-motor-4t-rental3-390cc-9kw\/","title":{"rendered":"Motor motok\u00e1ry 390cm3 - 4T RENTAL3"},"content":{"rendered":"<ul>\n<li>Objem 389 cm\u00b3<\/li>\n<li>V\u00fdkon 9,6 KW (13 k) p\u0159i 3600 ot\/min.<\/li>\n<li>Optimalizovan\u00fd klikov\u00fd h\u0159\u00eddel s \u00d8 25,0 mm<\/li>\n<li>ojnice s lo\u017eiskov\u00fdmi pouzdry<\/li>\n<li>Ventily s kl\u00ednov\u00fdm uz\u00e1v\u011brem<\/li>\n<li>Such\u00e1 hmotnost 25 kg<\/li>\n<\/ul>","protected":false},"excerpt":{"rendered":"<p>Dod\u00e1n\u00ed do 7 dn\u016f<\/p>","protected":false},"featured_media":4100,"template":"","meta":[],"product_brand":[],"product_cat":[129,77,1168],"product_tag":[130,1173,142,500,81,1172,1170,290,202],"class_list":{"0":"post-4096","1":"product","2":"type-product","3":"status-publish","4":"has-post-thumbnail","6":"product_cat-motory-pozicovne","7":"product_cat-rental-karting","8":"product_cat-rental3","9":"product_tag-honda","10":"product_tag-honda-390cc","11":"product_tag-karting","12":"product_tag-kridla-drziaku-motora","13":"product_tag-motokary","14":"product_tag-motor-do-pozicne-motokar","15":"product_tag-motor-pre-pozicovne-motokar","16":"product_tag-pozicovna-motokar","17":"product_tag-rental","19":"first","20":"onbackorder","21":"taxable","22":"shipping-taxable","23":"purchasable","24":"product-type-simple","25":"customify-col","26":"product-has-gallery"},"aioseo_notices":[],"_links":{"self":[{"href":"https:\/\/motokary-karting.sk\/cz\/wp-json\/wp\/v2\/product\/4096","targetHints":{"allow":["GET"]}}],"collection":[{"href":"https:\/\/motokary-karting.sk\/cz\/wp-json\/wp\/v2\/product"}],"about":[{"href":"https:\/\/motokary-karting.sk\/cz\/wp-json\/wp\/v2\/types\/product"}],"wp:featuredmedia":[{"embeddable":true,"href":"https:\/\/motokary-karting.sk\/cz\/wp-json\/wp\/v2\/media\/4100"}],"wp:attachment":[{"href":"https:\/\/motokary-karting.sk\/cz\/wp-json\/wp\/v2\/media?parent=4096"}],"wp:term":[{"taxonomy":"product_brand","embeddable":true,"href":"https:\/\/motokary-karting.sk\/cz\/wp-json\/wp\/v2\/product_brand?post=4096"},{"taxonomy":"product_cat","embeddable":true,"href":"https:\/\/motokary-karting.sk\/cz\/wp-json\/wp\/v2\/product_cat?post=4096"},{"taxonomy":"product_tag","embeddable":true,"href":"https:\/\/motokary-karting.sk\/cz\/wp-json\/wp\/v2\/product_tag?post=4096"}],"curies":[{"name":"wp","href":"https:\/\/api.w.org\/{rel}","templated":true}]}}