{"id":4103,"date":"2020-09-18T21:26:22","date_gmt":"2020-09-18T21:26:22","guid":{"rendered":"https:\/\/motokary-karting.sk\/?post_type=product&#038;p=4103"},"modified":"2022-01-07T20:47:24","modified_gmt":"2022-01-07T20:47:24","slug":"vyfuk-pro-motor-160-ccm","status":"publish","type":"product","link":"https:\/\/motokary-karting.sk\/cz\/produkt\/vyfuk-pre-motor-160cc\/","title":{"rendered":"V\u00fdfuk pro motor 160 cm3"},"content":{"rendered":"","protected":false},"excerpt":{"rendered":"<p>Dod\u00e1n\u00ed do 7 dn\u016f<\/p>","protected":false},"featured_media":4104,"template":"","meta":[],"product_brand":[],"product_cat":[287,77,1176],"product_tag":[142,81,293,290,1178,1177],"class_list":{"0":"post-4103","1":"product","2":"type-product","3":"status-publish","4":"has-post-thumbnail","6":"product_cat-motory-nahradne-diely","7":"product_cat-rental-karting","8":"product_cat-vyfuky-prislusenstvo-motory-nahradne-diely","9":"product_tag-karting","10":"product_tag-motokary","11":"product_tag-pozicovna","12":"product_tag-pozicovna-motokar","13":"product_tag-vyfuk-honda-160cc","14":"product_tag-vyfuk-pre-motor-160cc","16":"first","17":"onbackorder","18":"taxable","19":"shipping-taxable","20":"purchasable","21":"product-type-simple","22":"customify-col"},"aioseo_notices":[],"_links":{"self":[{"href":"https:\/\/motokary-karting.sk\/cz\/wp-json\/wp\/v2\/product\/4103","targetHints":{"allow":["GET"]}}],"collection":[{"href":"https:\/\/motokary-karting.sk\/cz\/wp-json\/wp\/v2\/product"}],"about":[{"href":"https:\/\/motokary-karting.sk\/cz\/wp-json\/wp\/v2\/types\/product"}],"wp:featuredmedia":[{"embeddable":true,"href":"https:\/\/motokary-karting.sk\/cz\/wp-json\/wp\/v2\/media\/4104"}],"wp:attachment":[{"href":"https:\/\/motokary-karting.sk\/cz\/wp-json\/wp\/v2\/media?parent=4103"}],"wp:term":[{"taxonomy":"product_brand","embeddable":true,"href":"https:\/\/motokary-karting.sk\/cz\/wp-json\/wp\/v2\/product_brand?post=4103"},{"taxonomy":"product_cat","embeddable":true,"href":"https:\/\/motokary-karting.sk\/cz\/wp-json\/wp\/v2\/product_cat?post=4103"},{"taxonomy":"product_tag","embeddable":true,"href":"https:\/\/motokary-karting.sk\/cz\/wp-json\/wp\/v2\/product_tag?post=4103"}],"curies":[{"name":"wp","href":"https:\/\/api.w.org\/{rel}","templated":true}]}}