{"id":4111,"date":"2020-09-18T21:33:58","date_gmt":"2020-09-18T21:33:58","guid":{"rendered":"https:\/\/motokary-karting.sk\/?post_type=product&#038;p=4111"},"modified":"2022-01-07T20:12:42","modified_gmt":"2022-01-07T20:12:42","slug":"sportovni-inhalacni-filtr-35-mm-pro-motor-160-ccm","status":"publish","type":"product","link":"https:\/\/motokary-karting.sk\/cz\/produkt\/sportovy-vduchovy-filter-35mm-pre-motor-160cc\/","title":{"rendered":"35mm sportovn\u00ed sac\u00ed filtr pro motor 160 ccm"},"content":{"rendered":"","protected":false},"excerpt":{"rendered":"<p>Dod\u00e1n\u00ed do 7 dn\u016f<\/p>","protected":false},"featured_media":4112,"template":"","meta":[],"product_brand":[],"product_cat":[287,1180,77],"product_tag":[142,81,293,290,1181,1182],"class_list":{"0":"post-4111","1":"product","2":"type-product","3":"status-publish","4":"has-post-thumbnail","6":"product_cat-motory-nahradne-diely","7":"product_cat-ostatne-motory-nahradne-diely","8":"product_cat-rental-karting","9":"product_tag-karting","10":"product_tag-motokary","11":"product_tag-pozicovna","12":"product_tag-pozicovna-motokar","13":"product_tag-vzduchovy-filter-honda-160cc","14":"product_tag-vzduchovy-filter-honda-200cc","16":"first","17":"onbackorder","18":"taxable","19":"shipping-taxable","20":"purchasable","21":"product-type-simple","22":"customify-col"},"aioseo_notices":[],"_links":{"self":[{"href":"https:\/\/motokary-karting.sk\/cz\/wp-json\/wp\/v2\/product\/4111","targetHints":{"allow":["GET"]}}],"collection":[{"href":"https:\/\/motokary-karting.sk\/cz\/wp-json\/wp\/v2\/product"}],"about":[{"href":"https:\/\/motokary-karting.sk\/cz\/wp-json\/wp\/v2\/types\/product"}],"wp:featuredmedia":[{"embeddable":true,"href":"https:\/\/motokary-karting.sk\/cz\/wp-json\/wp\/v2\/media\/4112"}],"wp:attachment":[{"href":"https:\/\/motokary-karting.sk\/cz\/wp-json\/wp\/v2\/media?parent=4111"}],"wp:term":[{"taxonomy":"product_brand","embeddable":true,"href":"https:\/\/motokary-karting.sk\/cz\/wp-json\/wp\/v2\/product_brand?post=4111"},{"taxonomy":"product_cat","embeddable":true,"href":"https:\/\/motokary-karting.sk\/cz\/wp-json\/wp\/v2\/product_cat?post=4111"},{"taxonomy":"product_tag","embeddable":true,"href":"https:\/\/motokary-karting.sk\/cz\/wp-json\/wp\/v2\/product_tag?post=4111"}],"curies":[{"name":"wp","href":"https:\/\/api.w.org\/{rel}","templated":true}]}}