{"id":4126,"date":"2020-09-18T21:55:40","date_gmt":"2020-09-18T21:55:40","guid":{"rendered":"https:\/\/motokary-karting.sk\/?post_type=product&#038;p=4126"},"modified":"2024-10-24T07:43:33","modified_gmt":"2024-10-24T07:43:33","slug":"vyfuk-pro-motor-390-ccm-kompletni","status":"publish","type":"product","link":"https:\/\/motokary-karting.sk\/cz\/produkt\/vyfuk-pre-motor-390cc-komplet\/","title":{"rendered":"V\u00fdfuk pro motor 390 ccm kompletn\u00ed"},"content":{"rendered":"","protected":false},"excerpt":{"rendered":"<p>Dod\u00e1n\u00ed do 7 dn\u016f<\/p>","protected":false},"featured_media":4127,"template":"","meta":[],"product_brand":[],"product_cat":[287,77,1176],"product_tag":[142,81,293,290,1192],"class_list":{"0":"post-4126","1":"product","2":"type-product","3":"status-publish","4":"has-post-thumbnail","6":"product_cat-motory-nahradne-diely","7":"product_cat-rental-karting","8":"product_cat-vyfuky-prislusenstvo-motory-nahradne-diely","9":"product_tag-karting","10":"product_tag-motokary","11":"product_tag-pozicovna","12":"product_tag-pozicovna-motokar","13":"product_tag-vyfuk-honda-390","15":"first","16":"onbackorder","17":"taxable","18":"shipping-taxable","19":"purchasable","20":"product-type-simple","21":"customify-col"},"aioseo_notices":[],"_links":{"self":[{"href":"https:\/\/motokary-karting.sk\/cz\/wp-json\/wp\/v2\/product\/4126","targetHints":{"allow":["GET"]}}],"collection":[{"href":"https:\/\/motokary-karting.sk\/cz\/wp-json\/wp\/v2\/product"}],"about":[{"href":"https:\/\/motokary-karting.sk\/cz\/wp-json\/wp\/v2\/types\/product"}],"wp:featuredmedia":[{"embeddable":true,"href":"https:\/\/motokary-karting.sk\/cz\/wp-json\/wp\/v2\/media\/4127"}],"wp:attachment":[{"href":"https:\/\/motokary-karting.sk\/cz\/wp-json\/wp\/v2\/media?parent=4126"}],"wp:term":[{"taxonomy":"product_brand","embeddable":true,"href":"https:\/\/motokary-karting.sk\/cz\/wp-json\/wp\/v2\/product_brand?post=4126"},{"taxonomy":"product_cat","embeddable":true,"href":"https:\/\/motokary-karting.sk\/cz\/wp-json\/wp\/v2\/product_cat?post=4126"},{"taxonomy":"product_tag","embeddable":true,"href":"https:\/\/motokary-karting.sk\/cz\/wp-json\/wp\/v2\/product_tag?post=4126"}],"curies":[{"name":"wp","href":"https:\/\/api.w.org\/{rel}","templated":true}]}}