{"id":4131,"date":"2020-09-18T22:01:40","date_gmt":"2020-09-18T22:01:40","guid":{"rendered":"https:\/\/motokary-karting.sk\/?post_type=product&#038;p=4131"},"modified":"2022-01-07T20:32:34","modified_gmt":"2022-01-07T20:32:34","slug":"kryt-motoru-gfk-cerny-340cc-390cc","status":"publish","type":"product","link":"https:\/\/motokary-karting.sk\/cz\/produkt\/kryt-motora-gfk-cierny-340cc-390cc\/","title":{"rendered":"GFK kryt motoru \u010dern\u00fd 340cc \/ 390cc"},"content":{"rendered":"","protected":false},"excerpt":{"rendered":"<p>Dod\u00e1n\u00ed do 7 dn\u016f<\/p>","protected":false},"featured_media":4132,"template":"","meta":[],"product_brand":[],"product_cat":[287,1180,77],"product_tag":[142,1183,1195,81,293,290],"class_list":{"0":"post-4131","1":"product","2":"type-product","3":"status-publish","4":"has-post-thumbnail","6":"product_cat-motory-nahradne-diely","7":"product_cat-ostatne-motory-nahradne-diely","8":"product_cat-rental-karting","9":"product_tag-karting","10":"product_tag-kryt-motora","11":"product_tag-kryt-motora-390cc","12":"product_tag-motokary","13":"product_tag-pozicovna","14":"product_tag-pozicovna-motokar","16":"first","17":"onbackorder","18":"taxable","19":"shipping-taxable","20":"purchasable","21":"product-type-simple","22":"customify-col"},"aioseo_notices":[],"_links":{"self":[{"href":"https:\/\/motokary-karting.sk\/cz\/wp-json\/wp\/v2\/product\/4131","targetHints":{"allow":["GET"]}}],"collection":[{"href":"https:\/\/motokary-karting.sk\/cz\/wp-json\/wp\/v2\/product"}],"about":[{"href":"https:\/\/motokary-karting.sk\/cz\/wp-json\/wp\/v2\/types\/product"}],"wp:featuredmedia":[{"embeddable":true,"href":"https:\/\/motokary-karting.sk\/cz\/wp-json\/wp\/v2\/media\/4132"}],"wp:attachment":[{"href":"https:\/\/motokary-karting.sk\/cz\/wp-json\/wp\/v2\/media?parent=4131"}],"wp:term":[{"taxonomy":"product_brand","embeddable":true,"href":"https:\/\/motokary-karting.sk\/cz\/wp-json\/wp\/v2\/product_brand?post=4131"},{"taxonomy":"product_cat","embeddable":true,"href":"https:\/\/motokary-karting.sk\/cz\/wp-json\/wp\/v2\/product_cat?post=4131"},{"taxonomy":"product_tag","embeddable":true,"href":"https:\/\/motokary-karting.sk\/cz\/wp-json\/wp\/v2\/product_tag?post=4131"}],"curies":[{"name":"wp","href":"https:\/\/api.w.org\/{rel}","templated":true}]}}