{"id":4141,"date":"2020-09-19T18:55:39","date_gmt":"2020-09-19T18:55:39","guid":{"rendered":"https:\/\/motokary-karting.sk\/?post_type=product&#038;p=4141"},"modified":"2022-01-07T20:27:49","modified_gmt":"2022-01-07T20:27:49","slug":"pritlacny-talir-spojky-originalni-dil-honda","status":"publish","type":"product","link":"https:\/\/motokary-karting.sk\/cz\/produkt\/plate-clutch-pressure-original-honda-diel\/","title":{"rendered":"P\u0159\u00edtla\u010dn\u00fd spojkov\u00fd tal\u00ed\u0159 - origin\u00e1ln\u00ed d\u00edl Honda"},"content":{"rendered":"","protected":false},"excerpt":{"rendered":"<p>Dod\u00e1n\u00ed do 7 dn\u016f<\/p>","protected":false},"featured_media":4143,"template":"","meta":[],"product_brand":[],"product_cat":[287,77,1161],"product_tag":[1200,142,81,293,290,1199,1192],"class_list":{"0":"post-4141","1":"product","2":"type-product","3":"status-publish","4":"has-post-thumbnail","6":"product_cat-motory-nahradne-diely","7":"product_cat-rental-karting","8":"product_cat-spojky-prislusenstvo","9":"product_tag-honda-nahradne-diely","10":"product_tag-karting","11":"product_tag-motokary","12":"product_tag-pozicovna","13":"product_tag-pozicovna-motokar","14":"product_tag-spojka-honda-gx","15":"product_tag-vyfuk-honda-390","17":"first","18":"onbackorder","19":"taxable","20":"shipping-taxable","21":"purchasable","22":"product-type-simple","23":"customify-col","24":"product-has-gallery"},"aioseo_notices":[],"_links":{"self":[{"href":"https:\/\/motokary-karting.sk\/cz\/wp-json\/wp\/v2\/product\/4141","targetHints":{"allow":["GET"]}}],"collection":[{"href":"https:\/\/motokary-karting.sk\/cz\/wp-json\/wp\/v2\/product"}],"about":[{"href":"https:\/\/motokary-karting.sk\/cz\/wp-json\/wp\/v2\/types\/product"}],"wp:featuredmedia":[{"embeddable":true,"href":"https:\/\/motokary-karting.sk\/cz\/wp-json\/wp\/v2\/media\/4143"}],"wp:attachment":[{"href":"https:\/\/motokary-karting.sk\/cz\/wp-json\/wp\/v2\/media?parent=4141"}],"wp:term":[{"taxonomy":"product_brand","embeddable":true,"href":"https:\/\/motokary-karting.sk\/cz\/wp-json\/wp\/v2\/product_brand?post=4141"},{"taxonomy":"product_cat","embeddable":true,"href":"https:\/\/motokary-karting.sk\/cz\/wp-json\/wp\/v2\/product_cat?post=4141"},{"taxonomy":"product_tag","embeddable":true,"href":"https:\/\/motokary-karting.sk\/cz\/wp-json\/wp\/v2\/product_tag?post=4141"}],"curies":[{"name":"wp","href":"https:\/\/api.w.org\/{rel}","templated":true}]}}