{"id":4144,"date":"2020-09-19T18:58:58","date_gmt":"2020-09-19T18:58:58","guid":{"rendered":"https:\/\/motokary-karting.sk\/?post_type=product&#038;p=4144"},"modified":"2022-01-07T20:26:48","modified_gmt":"2022-01-07T20:26:48","slug":"honda-gx200-rekuperacni-skrin-tesneni","status":"publish","type":"product","link":"https:\/\/motokary-karting.sk\/cz\/produkt\/tesnenie-reuction-case-honda-gx200\/","title":{"rendered":"Pouzdro pro redukci t\u011bsn\u011bn\u00ed Honda GX200"},"content":{"rendered":"","protected":false},"excerpt":{"rendered":"","protected":false},"featured_media":13361,"template":"","meta":[],"product_brand":[],"product_cat":[287,77,1201],"product_tag":[1200,142,81,293,290,796],"class_list":{"0":"post-4144","1":"product","2":"type-product","3":"status-publish","4":"has-post-thumbnail","6":"product_cat-motory-nahradne-diely","7":"product_cat-rental-karting","8":"product_cat-tesnenia","9":"product_tag-honda-nahradne-diely","10":"product_tag-karting","11":"product_tag-motokary","12":"product_tag-pozicovna","13":"product_tag-pozicovna-motokar","14":"product_tag-tesnenie","16":"first","17":"onbackorder","18":"taxable","19":"shipping-taxable","20":"purchasable","21":"product-type-simple","22":"customify-col"},"aioseo_notices":[],"_links":{"self":[{"href":"https:\/\/motokary-karting.sk\/cz\/wp-json\/wp\/v2\/product\/4144","targetHints":{"allow":["GET"]}}],"collection":[{"href":"https:\/\/motokary-karting.sk\/cz\/wp-json\/wp\/v2\/product"}],"about":[{"href":"https:\/\/motokary-karting.sk\/cz\/wp-json\/wp\/v2\/types\/product"}],"wp:featuredmedia":[{"embeddable":true,"href":"https:\/\/motokary-karting.sk\/cz\/wp-json\/wp\/v2\/media\/13361"}],"wp:attachment":[{"href":"https:\/\/motokary-karting.sk\/cz\/wp-json\/wp\/v2\/media?parent=4144"}],"wp:term":[{"taxonomy":"product_brand","embeddable":true,"href":"https:\/\/motokary-karting.sk\/cz\/wp-json\/wp\/v2\/product_brand?post=4144"},{"taxonomy":"product_cat","embeddable":true,"href":"https:\/\/motokary-karting.sk\/cz\/wp-json\/wp\/v2\/product_cat?post=4144"},{"taxonomy":"product_tag","embeddable":true,"href":"https:\/\/motokary-karting.sk\/cz\/wp-json\/wp\/v2\/product_tag?post=4144"}],"curies":[{"name":"wp","href":"https:\/\/api.w.org\/{rel}","templated":true}]}}