{"id":4146,"date":"2020-09-19T19:02:24","date_gmt":"2020-09-19T19:02:24","guid":{"rendered":"https:\/\/motokary-karting.sk\/?post_type=product&#038;p=4146"},"modified":"2021-02-13T13:16:44","modified_gmt":"2021-02-13T13:16:44","slug":"tesneni-redukcni-skrine-mid-honda-gx200-originalni-dil-honda","status":"publish","type":"product","link":"https:\/\/motokary-karting.sk\/cz\/produkt\/tesnenie-reduct-case-mid-honda-gx200-original-honda-diel\/","title":{"rendered":"T\u011bsn\u011bn\u00ed reduk\u010dn\u00ed sk\u0159\u00edn\u011b st\u0159edn\u00ed Honda GX200 - origin\u00e1ln\u00ed d\u00edl Honda"},"content":{"rendered":"","protected":false},"excerpt":{"rendered":"<p>Dod\u00e1n\u00ed do 7 dn\u016f<\/p>","protected":false},"featured_media":4147,"template":"","meta":[],"product_brand":[],"product_cat":[287,77,1201],"product_tag":[1200,142,81,293,290,796],"class_list":{"0":"post-4146","1":"product","2":"type-product","3":"status-publish","4":"has-post-thumbnail","6":"product_cat-motory-nahradne-diely","7":"product_cat-rental-karting","8":"product_cat-tesnenia","9":"product_tag-honda-nahradne-diely","10":"product_tag-karting","11":"product_tag-motokary","12":"product_tag-pozicovna","13":"product_tag-pozicovna-motokar","14":"product_tag-tesnenie","16":"first","17":"onbackorder","18":"taxable","19":"shipping-taxable","20":"purchasable","21":"product-type-simple","22":"customify-col"},"aioseo_notices":[],"_links":{"self":[{"href":"https:\/\/motokary-karting.sk\/cz\/wp-json\/wp\/v2\/product\/4146","targetHints":{"allow":["GET"]}}],"collection":[{"href":"https:\/\/motokary-karting.sk\/cz\/wp-json\/wp\/v2\/product"}],"about":[{"href":"https:\/\/motokary-karting.sk\/cz\/wp-json\/wp\/v2\/types\/product"}],"wp:featuredmedia":[{"embeddable":true,"href":"https:\/\/motokary-karting.sk\/cz\/wp-json\/wp\/v2\/media\/4147"}],"wp:attachment":[{"href":"https:\/\/motokary-karting.sk\/cz\/wp-json\/wp\/v2\/media?parent=4146"}],"wp:term":[{"taxonomy":"product_brand","embeddable":true,"href":"https:\/\/motokary-karting.sk\/cz\/wp-json\/wp\/v2\/product_brand?post=4146"},{"taxonomy":"product_cat","embeddable":true,"href":"https:\/\/motokary-karting.sk\/cz\/wp-json\/wp\/v2\/product_cat?post=4146"},{"taxonomy":"product_tag","embeddable":true,"href":"https:\/\/motokary-karting.sk\/cz\/wp-json\/wp\/v2\/product_tag?post=4146"}],"curies":[{"name":"wp","href":"https:\/\/api.w.org\/{rel}","templated":true}]}}