{"id":4152,"date":"2020-09-19T19:07:16","date_gmt":"2020-09-19T19:07:16","guid":{"rendered":"https:\/\/motokary-karting.sk\/?post_type=product&#038;p=4152"},"modified":"2022-01-07T20:18:15","modified_gmt":"2022-01-07T20:18:15","slug":"vnitrni-lozisko-spojky-honda-gx270","status":"publish","type":"product","link":"https:\/\/motokary-karting.sk\/cz\/produkt\/gufero-spojkove-vnutorne-honda-gx270\/","title":{"rendered":"Vnit\u0159n\u00ed lo\u017eisko spojky Honda GX270"},"content":{"rendered":"","protected":false},"excerpt":{"rendered":"<p>Dod\u00e1n\u00ed do 7 dn\u016f<\/p>","protected":false},"featured_media":4150,"template":"","meta":[],"product_brand":[],"product_cat":[287,77,1201],"product_tag":[1202,1200,142,81,293,290,796],"class_list":{"0":"post-4152","1":"product","2":"type-product","3":"status-publish","4":"has-post-thumbnail","6":"product_cat-motory-nahradne-diely","7":"product_cat-rental-karting","8":"product_cat-tesnenia","9":"product_tag-gufero-spojka-honda-gx-270","10":"product_tag-honda-nahradne-diely","11":"product_tag-karting","12":"product_tag-motokary","13":"product_tag-pozicovna","14":"product_tag-pozicovna-motokar","15":"product_tag-tesnenie","17":"first","18":"onbackorder","19":"taxable","20":"shipping-taxable","21":"purchasable","22":"product-type-simple","23":"customify-col"},"aioseo_notices":[],"_links":{"self":[{"href":"https:\/\/motokary-karting.sk\/cz\/wp-json\/wp\/v2\/product\/4152","targetHints":{"allow":["GET"]}}],"collection":[{"href":"https:\/\/motokary-karting.sk\/cz\/wp-json\/wp\/v2\/product"}],"about":[{"href":"https:\/\/motokary-karting.sk\/cz\/wp-json\/wp\/v2\/types\/product"}],"wp:featuredmedia":[{"embeddable":true,"href":"https:\/\/motokary-karting.sk\/cz\/wp-json\/wp\/v2\/media\/4150"}],"wp:attachment":[{"href":"https:\/\/motokary-karting.sk\/cz\/wp-json\/wp\/v2\/media?parent=4152"}],"wp:term":[{"taxonomy":"product_brand","embeddable":true,"href":"https:\/\/motokary-karting.sk\/cz\/wp-json\/wp\/v2\/product_brand?post=4152"},{"taxonomy":"product_cat","embeddable":true,"href":"https:\/\/motokary-karting.sk\/cz\/wp-json\/wp\/v2\/product_cat?post=4152"},{"taxonomy":"product_tag","embeddable":true,"href":"https:\/\/motokary-karting.sk\/cz\/wp-json\/wp\/v2\/product_tag?post=4152"}],"curies":[{"name":"wp","href":"https:\/\/api.w.org\/{rel}","templated":true}]}}