{"id":4174,"date":"2022-01-04T10:24:58","date_gmt":"2022-01-04T10:24:58","guid":{"rendered":"https:\/\/motokary-karting.sk\/?post_type=product&#038;p=4174"},"modified":"2023-11-15T10:19:16","modified_gmt":"2023-11-15T10:19:16","slug":"brasna-na-helmu-sparco","status":"publish","type":"product","link":"https:\/\/motokary-karting.sk\/cz\/produkt\/sparco-taska-na-prilbu\/","title":{"rendered":"Vak na helmu Sparco DRY TECH"},"content":{"rendered":"<p>Praktick\u00e1 bra\u0161na na p\u0159ilbu s integrovan\u00fdm su\u0161\u00e1kem na p\u0159ilbu. Nap\u00e1jen\u00ed p\u0159es vestav\u011bn\u00fd USB kabel. V\u011btrac\u00ed otvory pro optim\u00e1ln\u00ed cirkulaci vzduchu. P\u0159edm\u011bt H.A.N.S.<\/p>\n<p>Rozm\u011bry (Vx\u0160xH): 38 x 35 x 40 cm<br \/>\n100% polyester<\/p>","protected":false},"excerpt":{"rendered":"<p>Praktick\u00e1 bra\u0161na na p\u0159ilbu s integrovan\u00fdm su\u0161\u00e1kem na p\u0159ilbu. Nap\u00e1jen\u00ed p\u0159es vestav\u011bn\u00fd USB kabel. V\u011btrac\u00ed otvory pro optim\u00e1ln\u00ed cirkulaci vzduchu. Rozm\u011bry (Vx\u0160xH): 38 mm,...<\/p>","protected":false},"featured_media":13333,"template":"","meta":[],"product_brand":[],"product_cat":[32,734,1579,158,18],"product_tag":[1211,1215,142,81,26,1208,988,1755,1213,1214,729,1212],"class_list":{"0":"post-4174","1":"product","2":"type-product","3":"status-publish","4":"has-post-thumbnail","6":"product_cat-lifestyle-oblecenie-a-produkty-na-volny-cas","7":"product_cat-ruksaky-tasky-na-prilby","8":"product_cat-tasky-na-prilby","9":"product_cat-tip-na-darcek","10":"product_cat-vybava-pretekara","11":"product_tag-helmet-bag","12":"product_tag-kabela-na-prilbu","13":"product_tag-karting","14":"product_tag-motokary","15":"product_tag-sparco","16":"product_tag-sparco-helmet","17":"product_tag-sparco-prilba","18":"product_tag-sparco-shop","19":"product_tag-sparco-taska","20":"product_tag-sparco-vak-na-helmu","21":"product_tag-taska-na-prilbu","22":"product_tag-taska-na-prilbu-sparco","24":"first","25":"onbackorder","26":"taxable","27":"shipping-taxable","28":"purchasable","29":"product-type-simple","30":"customify-col","31":"product-has-gallery"},"aioseo_notices":[],"_links":{"self":[{"href":"https:\/\/motokary-karting.sk\/cz\/wp-json\/wp\/v2\/product\/4174","targetHints":{"allow":["GET"]}}],"collection":[{"href":"https:\/\/motokary-karting.sk\/cz\/wp-json\/wp\/v2\/product"}],"about":[{"href":"https:\/\/motokary-karting.sk\/cz\/wp-json\/wp\/v2\/types\/product"}],"wp:featuredmedia":[{"embeddable":true,"href":"https:\/\/motokary-karting.sk\/cz\/wp-json\/wp\/v2\/media\/13333"}],"wp:attachment":[{"href":"https:\/\/motokary-karting.sk\/cz\/wp-json\/wp\/v2\/media?parent=4174"}],"wp:term":[{"taxonomy":"product_brand","embeddable":true,"href":"https:\/\/motokary-karting.sk\/cz\/wp-json\/wp\/v2\/product_brand?post=4174"},{"taxonomy":"product_cat","embeddable":true,"href":"https:\/\/motokary-karting.sk\/cz\/wp-json\/wp\/v2\/product_cat?post=4174"},{"taxonomy":"product_tag","embeddable":true,"href":"https:\/\/motokary-karting.sk\/cz\/wp-json\/wp\/v2\/product_tag?post=4174"}],"curies":[{"name":"wp","href":"https:\/\/api.w.org\/{rel}","templated":true}]}}