{"id":4191,"date":"2020-09-23T17:18:22","date_gmt":"2020-09-23T17:18:22","guid":{"rendered":"https:\/\/motokary-karting.sk\/?post_type=product&#038;p=4191"},"modified":"2024-12-11T12:29:44","modified_gmt":"2024-12-11T12:29:44","slug":"brzdove-desticky-cervene-mekke-hydraulicke-mechanicke-brzdy-sada-2ks","status":"publish","type":"product","link":"https:\/\/motokary-karting.sk\/cz\/produkt\/brzdove-platnicky-cervene-soft-hydraulicka-mechanicka-brzda-sada-2ks\/","title":{"rendered":"Brzdov\u00e9 desti\u010dky \u010derven\u00e9 (m\u011bkk\u00e9) hydraulick\u00e9 \/ mechanick\u00e9 brzdy | SADA 2 kus\u016f"},"content":{"rendered":"<div id=\"product-description-short-112659\" class=\"product-description-short\">\n<ul>\n<li>dl\u017eka 90 mm | \u0161\u00edrka 54 mm | hr\u00fabka 13 mm<\/li>\n<\/ul>\n<\/div>\n<div class=\"product-information\">\n<div id=\"product-details\" class=\"tab-pane in active\" style=\"box-sizing: border-box;\" role=\"tabpanel\" data-product=\"{&quot;id_shop_default&quot;:&quot;1&quot;,&quot;id_manufacturer&quot;:&quot;0&quot;,&quot;id_supplier&quot;:&quot;0&quot;,&quot;reference&quot;:&quot;0603535&quot;,&quot;is_virtual&quot;:&quot;0&quot;,&quot;delivery_in_stock&quot;:&quot;&quot;,&quot;delivery_out_stock&quot;:&quot;&quot;,&quot;id_category_default&quot;:&quot;64&quot;,&quot;on_sale&quot;:&quot;0&quot;,&quot;online_only&quot;:&quot;0&quot;,&quot;ecotax&quot;:0,&quot;minimal_quantity&quot;:&quot;1&quot;,&quot;low_stock_threshold&quot;:null,&quot;low_stock_alert&quot;:&quot;0&quot;,&quot;price&quot;:&quot;\\u20ac16.64&quot;,&quot;unity&quot;:&quot;&quot;,&quot;unit_price_ratio&quot;:&quot;0.000000&quot;,&quot;additional_shipping_cost&quot;:&quot;0.000000&quot;,&quot;customizable&quot;:&quot;0&quot;,&quot;text_fields&quot;:&quot;0&quot;,&quot;uploadable_files&quot;:&quot;0&quot;,&quot;redirect_type&quot;:&quot;404&quot;,&quot;id_type_redirected&quot;:&quot;0&quot;,&quot;available_for_order&quot;:&quot;1&quot;,&quot;available_date&quot;:&quot;2024-03-22&quot;,&quot;show_condition&quot;:&quot;0&quot;,&quot;condition&quot;:&quot;new&quot;,&quot;show_price&quot;:&quot;1&quot;,&quot;indexed&quot;:&quot;1&quot;,&quot;visibility&quot;:&quot;both&quot;,&quot;cache_default_attribute&quot;:&quot;1443&quot;,&quot;advanced_stock_management&quot;:&quot;0&quot;,&quot;date_add&quot;:&quot;2024-03-22 10:51:53&quot;,&quot;date_upd&quot;:&quot;2024-04-29 09:40:58&quot;,&quot;pack_stock_type&quot;:&quot;3&quot;,&quot;meta_description&quot;:&quot;&quot;,&quot;meta_keywords&quot;:&quot;&quot;,&quot;meta_title&quot;:&quot;&quot;,&quot;link_rewrite&quot;:&quot;brake-pad-soft-mech-and-hydraulic-brake-cik-fia&quot;,&quot;name&quot;:&quot;Brake pad soft mech. and hydraulic brake CIK-FIA&quot;,&quot;description&quot;:&quot;&quot;,&quot;description_short&quot;:&quot;&lt;ul&gt;\\n&lt;li&gt;length 90 mm | height 54 mm | thickness 13 mm&lt;\\\/li&gt;\\n&lt;\\\/ul&gt;&quot;,&quot;available_now&quot;:&quot;&quot;,&quot;available_later&quot;:&quot;&quot;,&quot;id&quot;:112659,&quot;id_product&quot;:112659,&quot;out_of_stock&quot;:2,&quot;new&quot;:0,&quot;id_product_attribute&quot;:1443,&quot;quantity_wanted&quot;:1,&quot;extraContent&quot;:[],&quot;allow_oosp&quot;:0,&quot;category&quot;:&quot;spare-parts-brakes&quot;,&quot;category_name&quot;:&quot;Brakes&quot;,&quot;link&quot;:&quot;https:\\\/\\\/store.dm-motorsport.com\\\/en\\\/spare-parts-brakes\\\/112659-brake-pad-soft-mech-and-hydraulic-brake-cik-fia\\\/&quot;,&quot;attribute_price&quot;:0,&quot;price_tax_exc&quot;:16.64,&quot;price_without_reduction&quot;:16.64,&quot;reduction&quot;:0,&quot;specific_prices&quot;:{&quot;id_specific_price&quot;:&quot;3705&quot;,&quot;id_specific_price_rule&quot;:&quot;0&quot;,&quot;id_cart&quot;:&quot;0&quot;,&quot;id_product&quot;:&quot;112659&quot;,&quot;id_shop&quot;:&quot;1&quot;,&quot;id_shop_group&quot;:&quot;0&quot;,&quot;id_currency&quot;:&quot;0&quot;,&quot;id_country&quot;:&quot;0&quot;,&quot;id_group&quot;:&quot;6&quot;,&quot;id_customer&quot;:&quot;0&quot;,&quot;id_product_attribute&quot;:&quot;1443&quot;,&quot;price&quot;:16.64,&quot;from_quantity&quot;:&quot;1&quot;,&quot;reduction&quot;:&quot;0.000000&quot;,&quot;reduction_tax&quot;:&quot;1&quot;,&quot;reduction_type&quot;:&quot;amount&quot;,&quot;from&quot;:&quot;0000-00-00 00:00:00&quot;,&quot;to&quot;:&quot;0000-00-00 00:00:00&quot;,&quot;score&quot;:&quot;18&quot;},&quot;quantity&quot;:31,&quot;quantity_all_versions&quot;:31,&quot;id_image&quot;:&quot;en-default&quot;,&quot;features&quot;:[],&quot;attachments&quot;:[],&quot;virtual&quot;:0,&quot;pack&quot;:0,&quot;packItems&quot;:[],&quot;nopackprice&quot;:0,&quot;customization_required&quot;:false,&quot;attributes&quot;:{&quot;3&quot;:{&quot;id_attribute&quot;:&quot;151&quot;,&quot;id_attribute_group&quot;:&quot;3&quot;,&quot;name&quot;:&quot;red\\\/soft&quot;,&quot;group&quot;:&quot;Colour&quot;,&quot;reference&quot;:&quot;0603535&quot;,&quot;ean13&quot;:&quot;&quot;,&quot;isbn&quot;:&quot;&quot;,&quot;upc&quot;:&quot;&quot;,&quot;mpn&quot;:&quot;&quot;}},&quot;rate&quot;:0,&quot;tax_name&quot;:&quot;&quot;,&quot;ecotax_rate&quot;:0,&quot;unit_price&quot;:&quot;&quot;,&quot;customizations&quot;:{&quot;fields&quot;:[]},&quot;id_customization&quot;:0,&quot;is_customizable&quot;:false,&quot;show_quantities&quot;:false,&quot;quantity_label&quot;:&quot;Items&quot;,&quot;quantity_discounts&quot;:[],&quot;customer_group_discount&quot;:0,&quot;images&quot;:[{&quot;bySize&quot;:{&quot;cart_default&quot;:{&quot;url&quot;:&quot;https:\\\/\\\/store.dm-motorsport.com\\\/618-cart_default\\\/brake-pad-soft-mech-and-hydraulic-brake-cik-fia.jpg&quot;,&quot;width&quot;:80,&quot;height&quot;:80},&quot;small_default&quot;:{&quot;url&quot;:&quot;https:\\\/\\\/store.dm-motorsport.com\\\/618-small_default\\\/brake-pad-soft-mech-and-hydraulic-brake-cik-fia.jpg&quot;,&quot;width&quot;:120,&quot;height&quot;:120},&quot;subcategory_default&quot;:{&quot;url&quot;:&quot;https:\\\/\\\/store.dm-motorsport.com\\\/618-subcategory_default\\\/brake-pad-soft-mech-and-hydraulic-brake-cik-fia.jpg&quot;,&quot;width&quot;:471,&quot;height&quot;:133},&quot;home_default&quot;:{&quot;url&quot;:&quot;https:\\\/\\\/store.dm-motorsport.com\\\/618-home_default\\\/brake-pad-soft-mech-and-hydraulic-brake-cik-fia.jpg&quot;,&quot;width&quot;:330,&quot;height&quot;:330},&quot;large_default&quot;:{&quot;url&quot;:&quot;https:\\\/\\\/store.dm-motorsport.com\\\/618-large_default\\\/brake-pad-soft-mech-and-hydraulic-brake-cik-fia.jpg&quot;,&quot;width&quot;:880,&quot;height&quot;:880}},&quot;small&quot;:{&quot;url&quot;:&quot;https:\\\/\\\/store.dm-motorsport.com\\\/618-cart_default\\\/brake-pad-soft-mech-and-hydraulic-brake-cik-fia.jpg&quot;,&quot;width&quot;:80,&quot;height&quot;:80},&quot;medium&quot;:{&quot;url&quot;:&quot;https:\\\/\\\/store.dm-motorsport.com\\\/618-subcategory_default\\\/brake-pad-soft-mech-and-hydraulic-brake-cik-fia.jpg&quot;,&quot;width&quot;:471,&quot;height&quot;:133},&quot;large&quot;:{&quot;url&quot;:&quot;https:\\\/\\\/store.dm-motorsport.com\\\/618-large_default\\\/brake-pad-soft-mech-and-hydraulic-brake-cik-fia.jpg&quot;,&quot;width&quot;:880,&quot;height&quot;:880},&quot;legend&quot;:&quot;&quot;,&quot;id_image&quot;:&quot;618&quot;,&quot;cover&quot;:&quot;1&quot;,&quot;position&quot;:&quot;1&quot;,&quot;associatedVariants&quot;:[&quot;1443&quot;]}],&quot;cover&quot;:{&quot;bySize&quot;:{&quot;cart_default&quot;:{&quot;url&quot;:&quot;https:\\\/\\\/store.dm-motorsport.com\\\/618-cart_default\\\/brake-pad-soft-mech-and-hydraulic-brake-cik-fia.jpg&quot;,&quot;width&quot;:80,&quot;height&quot;:80},&quot;small_default&quot;:{&quot;url&quot;:&quot;https:\\\/\\\/store.dm-motorsport.com\\\/618-small_default\\\/brake-pad-soft-mech-and-hydraulic-brake-cik-fia.jpg&quot;,&quot;width&quot;:120,&quot;height&quot;:120},&quot;subcategory_default&quot;:{&quot;url&quot;:&quot;https:\\\/\\\/store.dm-motorsport.com\\\/618-subcategory_default\\\/brake-pad-soft-mech-and-hydraulic-brake-cik-fia.jpg&quot;,&quot;width&quot;:471,&quot;height&quot;:133},&quot;home_default&quot;:{&quot;url&quot;:&quot;https:\\\/\\\/store.dm-motorsport.com\\\/618-home_default\\\/brake-pad-soft-mech-and-hydraulic-brake-cik-fia.jpg&quot;,&quot;width&quot;:330,&quot;height&quot;:330},&quot;large_default&quot;:{&quot;url&quot;:&quot;https:\\\/\\\/store.dm-motorsport.com\\\/618-large_default\\\/brake-pad-soft-mech-and-hydraulic-brake-cik-fia.jpg&quot;,&quot;width&quot;:880,&quot;height&quot;:880}},&quot;small&quot;:{&quot;url&quot;:&quot;https:\\\/\\\/store.dm-motorsport.com\\\/618-cart_default\\\/brake-pad-soft-mech-and-hydraulic-brake-cik-fia.jpg&quot;,&quot;width&quot;:80,&quot;height&quot;:80},&quot;medium&quot;:{&quot;url&quot;:&quot;https:\\\/\\\/store.dm-motorsport.com\\\/618-subcategory_default\\\/brake-pad-soft-mech-and-hydraulic-brake-cik-fia.jpg&quot;,&quot;width&quot;:471,&quot;height&quot;:133},&quot;large&quot;:{&quot;url&quot;:&quot;https:\\\/\\\/store.dm-motorsport.com\\\/618-large_default\\\/brake-pad-soft-mech-and-hydraulic-brake-cik-fia.jpg&quot;,&quot;width&quot;:880,&quot;height&quot;:880},&quot;legend&quot;:&quot;&quot;,&quot;id_image&quot;:&quot;618&quot;,&quot;cover&quot;:&quot;1&quot;,&quot;position&quot;:&quot;1&quot;,&quot;associatedVariants&quot;:[&quot;1443&quot;]},&quot;has_discount&quot;:false,&quot;discount_type&quot;:&quot;amount&quot;,&quot;discount_percentage&quot;:&quot;0%&quot;,&quot;discount_percentage_absolute&quot;:&quot;0%&quot;,&quot;discount_amount&quot;:&quot;\\u20ac0.00&quot;,&quot;discount_amount_to_display&quot;:&quot;-\\u20ac0.00&quot;,&quot;price_amount&quot;:16.64,&quot;unit_price_full&quot;:&quot;&quot;,&quot;show_availability&quot;:true,&quot;availability_date&quot;:null,&quot;availability_message&quot;:&quot;In stock&quot;,&quot;availability&quot;:&quot;available&quot;}\">\n<div class=\"product-features\">\n<div class=\"row py-2\"><\/div>\n<\/div>\n<\/div>\n<\/div>\n","protected":false},"excerpt":{"rendered":"<p>d\u00e9lka 90 mm | \u0161\u00ed\u0159ka 54 mm | tlou\u0161\u0165ka 13 mm<\/p>","protected":false},"featured_media":4192,"template":"","meta":[],"product_brand":[],"product_cat":[1549,302,271],"product_tag":[1231,1227,142,81,1228,1232],"class_list":{"0":"post-4191","1":"product","2":"type-product","3":"status-publish","4":"has-post-thumbnail","6":"product_cat-brzdove-platnicky","7":"product_cat-brzdy-prislusenstvo","8":"product_cat-nahradne-diely-na-podvozky","9":"product_tag-brzdove-dosky-motokara","10":"product_tag-brzdove-platnicky","11":"product_tag-karting","12":"product_tag-motokary","13":"product_tag-platnicky-na-motokaru","14":"product_tag-predne-brzdove-platnicky-motokara","16":"first","17":"onbackorder","18":"taxable","19":"shipping-taxable","20":"purchasable","21":"product-type-simple","22":"customify-col"},"aioseo_notices":[],"_links":{"self":[{"href":"https:\/\/motokary-karting.sk\/cz\/wp-json\/wp\/v2\/product\/4191","targetHints":{"allow":["GET"]}}],"collection":[{"href":"https:\/\/motokary-karting.sk\/cz\/wp-json\/wp\/v2\/product"}],"about":[{"href":"https:\/\/motokary-karting.sk\/cz\/wp-json\/wp\/v2\/types\/product"}],"wp:featuredmedia":[{"embeddable":true,"href":"https:\/\/motokary-karting.sk\/cz\/wp-json\/wp\/v2\/media\/4192"}],"wp:attachment":[{"href":"https:\/\/motokary-karting.sk\/cz\/wp-json\/wp\/v2\/media?parent=4191"}],"wp:term":[{"taxonomy":"product_brand","embeddable":true,"href":"https:\/\/motokary-karting.sk\/cz\/wp-json\/wp\/v2\/product_brand?post=4191"},{"taxonomy":"product_cat","embeddable":true,"href":"https:\/\/motokary-karting.sk\/cz\/wp-json\/wp\/v2\/product_cat?post=4191"},{"taxonomy":"product_tag","embeddable":true,"href":"https:\/\/motokary-karting.sk\/cz\/wp-json\/wp\/v2\/product_tag?post=4191"}],"curies":[{"name":"wp","href":"https:\/\/api.w.org\/{rel}","templated":true}]}}