{"id":4375,"date":"2020-10-14T10:42:23","date_gmt":"2020-10-14T10:42:23","guid":{"rendered":"https:\/\/motokary-karting.sk\/?post_type=product&#038;p=4375"},"modified":"2023-12-06T12:18:59","modified_gmt":"2023-12-06T12:18:59","slug":"klin-pro-zadni-napravu-8-x-7-x-40-mm","status":"publish","type":"product","link":"https:\/\/motokary-karting.sk\/cz\/produkt\/klin-na-zadnu-os-8-x-7-x-40-mm\/","title":{"rendered":"Kl\u00edn pro zadn\u00ed n\u00e1pravu 8 x 7 x 40 mm"},"content":{"rendered":"","protected":false},"excerpt":{"rendered":"<p>Dod\u00e1n\u00ed zbo\u017e\u00ed na objedn\u00e1vku do 7 dn\u016f<\/p>","protected":false},"featured_media":4377,"template":"","meta":[],"product_brand":[],"product_cat":[271,668,670,671,368],"product_tag":[1304,142,1300,751,752,753,308,34,81],"class_list":{"0":"post-4375","1":"product","2":"type-product","3":"status-publish","4":"has-post-thumbnail","6":"product_cat-nahradne-diely-na-podvozky","7":"product_cat-o-30mm-zadne-osi-prislusenstvo","8":"product_cat-o-40mm-zadne-osi-prislusenstvo","9":"product_cat-o-50mm-zadne-osi-prislusenstvo","10":"product_cat-zadne-osi-prislusenstvo","11":"product_tag-8-x-7-x-40-mm","12":"product_tag-karting","13":"product_tag-klin-na-zadnu-os","14":"product_tag-klinek","15":"product_tag-klinky","16":"product_tag-klinky-na-zadnu-os","17":"product_tag-kliny-na-zadnu-os","18":"product_tag-motokara","19":"product_tag-motokary","21":"first","22":"onbackorder","23":"taxable","24":"shipping-taxable","25":"purchasable","26":"product-type-simple","27":"customify-col"},"aioseo_notices":[],"_links":{"self":[{"href":"https:\/\/motokary-karting.sk\/cz\/wp-json\/wp\/v2\/product\/4375","targetHints":{"allow":["GET"]}}],"collection":[{"href":"https:\/\/motokary-karting.sk\/cz\/wp-json\/wp\/v2\/product"}],"about":[{"href":"https:\/\/motokary-karting.sk\/cz\/wp-json\/wp\/v2\/types\/product"}],"wp:featuredmedia":[{"embeddable":true,"href":"https:\/\/motokary-karting.sk\/cz\/wp-json\/wp\/v2\/media\/4377"}],"wp:attachment":[{"href":"https:\/\/motokary-karting.sk\/cz\/wp-json\/wp\/v2\/media?parent=4375"}],"wp:term":[{"taxonomy":"product_brand","embeddable":true,"href":"https:\/\/motokary-karting.sk\/cz\/wp-json\/wp\/v2\/product_brand?post=4375"},{"taxonomy":"product_cat","embeddable":true,"href":"https:\/\/motokary-karting.sk\/cz\/wp-json\/wp\/v2\/product_cat?post=4375"},{"taxonomy":"product_tag","embeddable":true,"href":"https:\/\/motokary-karting.sk\/cz\/wp-json\/wp\/v2\/product_tag?post=4375"}],"curies":[{"name":"wp","href":"https:\/\/api.w.org\/{rel}","templated":true}]}}