{"id":4412,"date":"2020-10-15T11:31:40","date_gmt":"2020-10-15T11:31:40","guid":{"rendered":"https:\/\/motokary-karting.sk\/?post_type=product&#038;p=4412"},"modified":"2022-01-07T19:38:47","modified_gmt":"2022-01-07T19:38:47","slug":"svickova-trubka-ngk-tb-05-ema","status":"publish","type":"product","link":"https:\/\/motokary-karting.sk\/cz\/produkt\/fajka-na-sviecku-ngk-tb-05-ema\/","title":{"rendered":"NGK TB 05 EMA sv\u00ed\u010dkov\u00fd ventil\u00e1tor"},"content":{"rendered":"","protected":false},"excerpt":{"rendered":"<p>Dod\u00e1n\u00ed zbo\u017e\u00ed na objedn\u00e1vku do 7 dn\u016f<\/p>","protected":false},"featured_media":4415,"template":"","meta":[],"product_brand":[],"product_cat":[645,858,1311],"product_tag":[917,142,81,867,1312,1318,868],"class_list":{"0":"post-4412","1":"product","2":"type-product","3":"status-publish","4":"has-post-thumbnail","6":"product_cat-nahradne-diely-na-motory","7":"product_cat-tm-racing-nahradne-diely-na-motory","8":"product_cat-zapalovacie-sviecky","9":"product_tag-fajka-na-sviecku","10":"product_tag-karting","11":"product_tag-motokary","12":"product_tag-ngk","13":"product_tag-ngk-sviecka","14":"product_tag-ngk-tb-05-ema","15":"product_tag-sviecka-ngk","17":"first","18":"onbackorder","19":"taxable","20":"shipping-taxable","21":"purchasable","22":"product-type-simple","23":"customify-col","24":"product-has-gallery"},"aioseo_notices":[],"_links":{"self":[{"href":"https:\/\/motokary-karting.sk\/cz\/wp-json\/wp\/v2\/product\/4412","targetHints":{"allow":["GET"]}}],"collection":[{"href":"https:\/\/motokary-karting.sk\/cz\/wp-json\/wp\/v2\/product"}],"about":[{"href":"https:\/\/motokary-karting.sk\/cz\/wp-json\/wp\/v2\/types\/product"}],"wp:featuredmedia":[{"embeddable":true,"href":"https:\/\/motokary-karting.sk\/cz\/wp-json\/wp\/v2\/media\/4415"}],"wp:attachment":[{"href":"https:\/\/motokary-karting.sk\/cz\/wp-json\/wp\/v2\/media?parent=4412"}],"wp:term":[{"taxonomy":"product_brand","embeddable":true,"href":"https:\/\/motokary-karting.sk\/cz\/wp-json\/wp\/v2\/product_brand?post=4412"},{"taxonomy":"product_cat","embeddable":true,"href":"https:\/\/motokary-karting.sk\/cz\/wp-json\/wp\/v2\/product_cat?post=4412"},{"taxonomy":"product_tag","embeddable":true,"href":"https:\/\/motokary-karting.sk\/cz\/wp-json\/wp\/v2\/product_tag?post=4412"}],"curies":[{"name":"wp","href":"https:\/\/api.w.org\/{rel}","templated":true}]}}