{"id":4416,"date":"2024-04-15T11:37:53","date_gmt":"2024-04-15T11:37:53","guid":{"rendered":"https:\/\/motokary-karting.sk\/?post_type=product&#038;p=4416"},"modified":"2026-05-04T18:20:07","modified_gmt":"2026-05-04T18:20:07","slug":"cistic-brzd-prodejce-karburatoru-mazivo-odmastovac-500ml","status":"publish","type":"product","link":"https:\/\/motokary-karting.sk\/cz\/produkt\/cistic-brzd-retaze-karburatora-lozisk-odmastovac-500ml\/","title":{"rendered":"WURTH \u010cisti\u010d brzd \/ \u0159et\u011bz\u016f \/ karbur\u00e1tor\u016f \/ lo\u017eisek \/ odma\u0161\u0165ova\u010d 500ml | SADA 2 ks"},"content":{"rendered":"<p>Vy\u010dist\u00ed v\u0161e, co mu p\u0159ijde do cesty.<\/p>","protected":false},"excerpt":{"rendered":"<p>Vy\u010dist\u00ed v\u0161e, co mu p\u0159ijde do cesty.<\/p>","protected":false},"featured_media":23518,"template":"","meta":[],"product_brand":[],"product_cat":[53],"product_tag":[1319,1323,1320,142,81,1322,1321],"class_list":{"0":"post-4416","1":"product","2":"type-product","3":"status-publish","4":"has-post-thumbnail","6":"product_cat-olejeamaziva","7":"product_tag-cistic-brzd","8":"product_tag-cistic-retaze","9":"product_tag-cistis-karburatora","10":"product_tag-karting","11":"product_tag-motokary","12":"product_tag-odmastnovac","13":"product_tag-odmastovac","15":"first","16":"instock","17":"sale","18":"taxable","19":"shipping-taxable","20":"purchasable","21":"product-type-simple","22":"customify-col"},"aioseo_notices":[],"_links":{"self":[{"href":"https:\/\/motokary-karting.sk\/cz\/wp-json\/wp\/v2\/product\/4416","targetHints":{"allow":["GET"]}}],"collection":[{"href":"https:\/\/motokary-karting.sk\/cz\/wp-json\/wp\/v2\/product"}],"about":[{"href":"https:\/\/motokary-karting.sk\/cz\/wp-json\/wp\/v2\/types\/product"}],"wp:featuredmedia":[{"embeddable":true,"href":"https:\/\/motokary-karting.sk\/cz\/wp-json\/wp\/v2\/media\/23518"}],"wp:attachment":[{"href":"https:\/\/motokary-karting.sk\/cz\/wp-json\/wp\/v2\/media?parent=4416"}],"wp:term":[{"taxonomy":"product_brand","embeddable":true,"href":"https:\/\/motokary-karting.sk\/cz\/wp-json\/wp\/v2\/product_brand?post=4416"},{"taxonomy":"product_cat","embeddable":true,"href":"https:\/\/motokary-karting.sk\/cz\/wp-json\/wp\/v2\/product_cat?post=4416"},{"taxonomy":"product_tag","embeddable":true,"href":"https:\/\/motokary-karting.sk\/cz\/wp-json\/wp\/v2\/product_tag?post=4416"}],"curies":[{"name":"wp","href":"https:\/\/api.w.org\/{rel}","templated":true}]}}