{"id":4428,"date":"2020-10-15T12:22:43","date_gmt":"2020-10-15T12:22:43","guid":{"rendered":"https:\/\/motokary-karting.sk\/?post_type=product&#038;p=4428"},"modified":"2024-11-14T11:43:24","modified_gmt":"2024-11-14T11:43:24","slug":"volant-caliba-300-mm-kulaty","status":"publish","type":"product","link":"https:\/\/motokary-karting.sk\/cz\/produkt\/volant-caliba-okruhly-o-300mm\/","title":{"rendered":"Volant Caliba kulat\u00fd \u00d8 300 mm"},"content":{"rendered":"","protected":false},"excerpt":{"rendered":"<p>Dod\u00e1n\u00ed zbo\u017e\u00ed na objedn\u00e1vku do 7 dn\u016f<\/p>","protected":false},"featured_media":4429,"template":"","meta":[],"product_brand":[],"product_cat":[173,77,1063],"product_tag":[1331,300,1332,301],"class_list":{"0":"post-4428","1":"product","2":"type-product","3":"status-publish","4":"has-post-thumbnail","6":"product_cat-podvozky-nahradne-diely","7":"product_cat-rental-karting","8":"product_cat-riadenie-prislusenstvo-pozicovna","9":"product_tag-caliba","10":"product_tag-volant","11":"product_tag-volant-do-pozicovne-motokar","12":"product_tag-volant-motokara-pozicovna","14":"first","15":"onbackorder","16":"taxable","17":"shipping-taxable","18":"purchasable","19":"product-type-simple","20":"customify-col"},"aioseo_notices":[],"_links":{"self":[{"href":"https:\/\/motokary-karting.sk\/cz\/wp-json\/wp\/v2\/product\/4428","targetHints":{"allow":["GET"]}}],"collection":[{"href":"https:\/\/motokary-karting.sk\/cz\/wp-json\/wp\/v2\/product"}],"about":[{"href":"https:\/\/motokary-karting.sk\/cz\/wp-json\/wp\/v2\/types\/product"}],"wp:featuredmedia":[{"embeddable":true,"href":"https:\/\/motokary-karting.sk\/cz\/wp-json\/wp\/v2\/media\/4429"}],"wp:attachment":[{"href":"https:\/\/motokary-karting.sk\/cz\/wp-json\/wp\/v2\/media?parent=4428"}],"wp:term":[{"taxonomy":"product_brand","embeddable":true,"href":"https:\/\/motokary-karting.sk\/cz\/wp-json\/wp\/v2\/product_brand?post=4428"},{"taxonomy":"product_cat","embeddable":true,"href":"https:\/\/motokary-karting.sk\/cz\/wp-json\/wp\/v2\/product_cat?post=4428"},{"taxonomy":"product_tag","embeddable":true,"href":"https:\/\/motokary-karting.sk\/cz\/wp-json\/wp\/v2\/product_tag?post=4428"}],"curies":[{"name":"wp","href":"https:\/\/api.w.org\/{rel}","templated":true}]}}