{"id":4527,"date":"2025-10-25T22:10:10","date_gmt":"2025-10-25T22:10:10","guid":{"rendered":"https:\/\/motokary-karting.sk\/?post_type=product&#038;p=4527"},"modified":"2026-04-28T10:22:36","modified_gmt":"2026-04-28T10:22:36","slug":"kryt-integrovaneho-retezu","status":"publish","type":"product","link":"https:\/\/motokary-karting.sk\/cz\/produkt\/kryt-na-retaz-integral\/","title":{"rendered":"Integrovan\u00fd kryt \u0159et\u011bzu"},"content":{"rendered":"","protected":false},"excerpt":{"rendered":"","protected":false},"featured_media":33980,"template":"","meta":[],"product_brand":[],"product_cat":[271,173,77,341],"product_tag":[142,1344,1343,314,34,81,1336],"class_list":{"0":"post-4527","1":"product","2":"type-product","3":"status-publish","4":"has-post-thumbnail","6":"product_cat-nahradne-diely-na-podvozky","7":"product_cat-podvozky-nahradne-diely","8":"product_cat-rental-karting","9":"product_cat-retaze-rozety-kryty-na-retaz","10":"product_tag-karting","11":"product_tag-karting-shop","12":"product_tag-kryt-na-retaz","13":"product_tag-kryt-retaze","14":"product_tag-motokara","15":"product_tag-motokary","16":"product_tag-nahradne-diely-na-motokary","18":"first","19":"instock","20":"sale","21":"taxable","22":"shipping-taxable","23":"purchasable","24":"product-type-variable","25":"customify-col","26":"product-has-gallery"},"aioseo_notices":[],"_links":{"self":[{"href":"https:\/\/motokary-karting.sk\/cz\/wp-json\/wp\/v2\/product\/4527","targetHints":{"allow":["GET"]}}],"collection":[{"href":"https:\/\/motokary-karting.sk\/cz\/wp-json\/wp\/v2\/product"}],"about":[{"href":"https:\/\/motokary-karting.sk\/cz\/wp-json\/wp\/v2\/types\/product"}],"wp:featuredmedia":[{"embeddable":true,"href":"https:\/\/motokary-karting.sk\/cz\/wp-json\/wp\/v2\/media\/33980"}],"wp:attachment":[{"href":"https:\/\/motokary-karting.sk\/cz\/wp-json\/wp\/v2\/media?parent=4527"}],"wp:term":[{"taxonomy":"product_brand","embeddable":true,"href":"https:\/\/motokary-karting.sk\/cz\/wp-json\/wp\/v2\/product_brand?post=4527"},{"taxonomy":"product_cat","embeddable":true,"href":"https:\/\/motokary-karting.sk\/cz\/wp-json\/wp\/v2\/product_cat?post=4527"},{"taxonomy":"product_tag","embeddable":true,"href":"https:\/\/motokary-karting.sk\/cz\/wp-json\/wp\/v2\/product_tag?post=4527"}],"curies":[{"name":"wp","href":"https:\/\/api.w.org\/{rel}","templated":true}]}}