{"id":4532,"date":"2020-10-25T22:15:15","date_gmt":"2020-10-25T22:15:15","guid":{"rendered":"https:\/\/motokary-karting.sk\/?post_type=product&#038;p=4532"},"modified":"2022-01-05T21:11:24","modified_gmt":"2022-01-05T21:11:24","slug":"lamelovy-kryt-maloobchodniho-prodejce","status":"publish","type":"product","link":"https:\/\/motokary-karting.sk\/cz\/produkt\/kryt-na-retaz-lamellar\/","title":{"rendered":"Lamelov\u00fd kryt \u0159et\u011bzu"},"content":{"rendered":"","protected":false},"excerpt":{"rendered":"<p>Dod\u00e1n\u00ed zbo\u017e\u00ed na objedn\u00e1vku do 7 dn\u016f<\/p>","protected":false},"featured_media":4533,"template":"","meta":[],"product_brand":[],"product_cat":[271,173,77,341],"product_tag":[142,1344,1343,314,34,81,1336],"class_list":{"0":"post-4532","1":"product","2":"type-product","3":"status-publish","4":"has-post-thumbnail","6":"product_cat-nahradne-diely-na-podvozky","7":"product_cat-podvozky-nahradne-diely","8":"product_cat-rental-karting","9":"product_cat-retaze-rozety-kryty-na-retaz","10":"product_tag-karting","11":"product_tag-karting-shop","12":"product_tag-kryt-na-retaz","13":"product_tag-kryt-retaze","14":"product_tag-motokara","15":"product_tag-motokary","16":"product_tag-nahradne-diely-na-motokary","18":"first","19":"onbackorder","20":"taxable","21":"shipping-taxable","22":"purchasable","23":"product-type-simple","24":"customify-col"},"aioseo_notices":[],"_links":{"self":[{"href":"https:\/\/motokary-karting.sk\/cz\/wp-json\/wp\/v2\/product\/4532","targetHints":{"allow":["GET"]}}],"collection":[{"href":"https:\/\/motokary-karting.sk\/cz\/wp-json\/wp\/v2\/product"}],"about":[{"href":"https:\/\/motokary-karting.sk\/cz\/wp-json\/wp\/v2\/types\/product"}],"wp:featuredmedia":[{"embeddable":true,"href":"https:\/\/motokary-karting.sk\/cz\/wp-json\/wp\/v2\/media\/4533"}],"wp:attachment":[{"href":"https:\/\/motokary-karting.sk\/cz\/wp-json\/wp\/v2\/media?parent=4532"}],"wp:term":[{"taxonomy":"product_brand","embeddable":true,"href":"https:\/\/motokary-karting.sk\/cz\/wp-json\/wp\/v2\/product_brand?post=4532"},{"taxonomy":"product_cat","embeddable":true,"href":"https:\/\/motokary-karting.sk\/cz\/wp-json\/wp\/v2\/product_cat?post=4532"},{"taxonomy":"product_tag","embeddable":true,"href":"https:\/\/motokary-karting.sk\/cz\/wp-json\/wp\/v2\/product_tag?post=4532"}],"curies":[{"name":"wp","href":"https:\/\/api.w.org\/{rel}","templated":true}]}}