{"id":4536,"date":"2020-10-25T22:22:15","date_gmt":"2020-10-25T22:22:15","guid":{"rendered":"https:\/\/motokary-karting.sk\/?post_type=product&#038;p=4536"},"modified":"2023-12-22T09:53:06","modified_gmt":"2023-12-22T09:53:06","slug":"montazni-sada-pro-zadni-naraznik","status":"publish","type":"product","link":"https:\/\/motokary-karting.sk\/cz\/produkt\/montazna-sada-na-zadny-naraznik\/","title":{"rendered":"Mont\u00e1\u017en\u00ed sada zadn\u00edho n\u00e1razn\u00edku"},"content":{"rendered":"","protected":false},"excerpt":{"rendered":"<p>Dod\u00e1n\u00ed zbo\u017e\u00ed na objedn\u00e1vku do 7 dn\u016f<\/p>","protected":false},"featured_media":4537,"template":"","meta":[],"product_brand":[],"product_cat":[271,173,77,184],"product_tag":[142,1344,1345,34,81,1336],"class_list":{"0":"post-4536","1":"product","2":"type-product","3":"status-publish","4":"has-post-thumbnail","6":"product_cat-nahradne-diely-na-podvozky","7":"product_cat-podvozky-nahradne-diely","8":"product_cat-rental-karting","9":"product_cat-spojlery-prislusenstvo","10":"product_tag-karting","11":"product_tag-karting-shop","12":"product_tag-montazna-sada","13":"product_tag-motokara","14":"product_tag-motokary","15":"product_tag-nahradne-diely-na-motokary","17":"first","18":"onbackorder","19":"taxable","20":"shipping-taxable","21":"purchasable","22":"product-type-simple","23":"customify-col"},"aioseo_notices":[],"_links":{"self":[{"href":"https:\/\/motokary-karting.sk\/cz\/wp-json\/wp\/v2\/product\/4536","targetHints":{"allow":["GET"]}}],"collection":[{"href":"https:\/\/motokary-karting.sk\/cz\/wp-json\/wp\/v2\/product"}],"about":[{"href":"https:\/\/motokary-karting.sk\/cz\/wp-json\/wp\/v2\/types\/product"}],"wp:featuredmedia":[{"embeddable":true,"href":"https:\/\/motokary-karting.sk\/cz\/wp-json\/wp\/v2\/media\/4537"}],"wp:attachment":[{"href":"https:\/\/motokary-karting.sk\/cz\/wp-json\/wp\/v2\/media?parent=4536"}],"wp:term":[{"taxonomy":"product_brand","embeddable":true,"href":"https:\/\/motokary-karting.sk\/cz\/wp-json\/wp\/v2\/product_brand?post=4536"},{"taxonomy":"product_cat","embeddable":true,"href":"https:\/\/motokary-karting.sk\/cz\/wp-json\/wp\/v2\/product_cat?post=4536"},{"taxonomy":"product_tag","embeddable":true,"href":"https:\/\/motokary-karting.sk\/cz\/wp-json\/wp\/v2\/product_tag?post=4536"}],"curies":[{"name":"wp","href":"https:\/\/api.w.org\/{rel}","templated":true}]}}