{"id":4540,"date":"2020-10-25T22:27:35","date_gmt":"2020-10-25T22:27:35","guid":{"rendered":"https:\/\/motokary-karting.sk\/?post_type=product&#038;p=4540"},"modified":"2026-04-14T11:56:21","modified_gmt":"2026-04-14T11:56:21","slug":"gumova-podlozka-pro-drzak-rimo-vyska-13-mm-o7-17-mm","status":"publish","type":"product","link":"https:\/\/motokary-karting.sk\/cz\/produkt\/gumena-podlozka-pre-rimo-drziak-vyska-13mm-o7-17mm\/","title":{"rendered":"Gumov\u00e1 podlo\u017eka pro dr\u017e\u00e1k RiMO V\u00fd\u0161ka: 13 mm; \u00d8:7 \/ 17 mm"},"content":{"rendered":"","protected":false},"excerpt":{"rendered":"<p>Dod\u00e1n\u00ed zbo\u017e\u00ed na objedn\u00e1vku do 7 dn\u016f<\/p>","protected":false},"featured_media":4541,"template":"","meta":[],"product_brand":[],"product_cat":[271,276,173,77],"product_tag":[1346,142,1344,34,81,1336],"class_list":{"0":"post-4540","1":"product","2":"type-product","3":"status-publish","4":"has-post-thumbnail","6":"product_cat-nahradne-diely-na-podvozky","7":"product_cat-ostatne","8":"product_cat-podvozky-nahradne-diely","9":"product_cat-rental-karting","10":"product_tag-gumena-podlozka","11":"product_tag-karting","12":"product_tag-karting-shop","13":"product_tag-motokara","14":"product_tag-motokary","15":"product_tag-nahradne-diely-na-motokary","17":"first","18":"onbackorder","19":"taxable","20":"shipping-taxable","21":"purchasable","22":"product-type-simple","23":"customify-col"},"aioseo_notices":[],"_links":{"self":[{"href":"https:\/\/motokary-karting.sk\/cz\/wp-json\/wp\/v2\/product\/4540","targetHints":{"allow":["GET"]}}],"collection":[{"href":"https:\/\/motokary-karting.sk\/cz\/wp-json\/wp\/v2\/product"}],"about":[{"href":"https:\/\/motokary-karting.sk\/cz\/wp-json\/wp\/v2\/types\/product"}],"wp:featuredmedia":[{"embeddable":true,"href":"https:\/\/motokary-karting.sk\/cz\/wp-json\/wp\/v2\/media\/4541"}],"wp:attachment":[{"href":"https:\/\/motokary-karting.sk\/cz\/wp-json\/wp\/v2\/media?parent=4540"}],"wp:term":[{"taxonomy":"product_brand","embeddable":true,"href":"https:\/\/motokary-karting.sk\/cz\/wp-json\/wp\/v2\/product_brand?post=4540"},{"taxonomy":"product_cat","embeddable":true,"href":"https:\/\/motokary-karting.sk\/cz\/wp-json\/wp\/v2\/product_cat?post=4540"},{"taxonomy":"product_tag","embeddable":true,"href":"https:\/\/motokary-karting.sk\/cz\/wp-json\/wp\/v2\/product_tag?post=4540"}],"curies":[{"name":"wp","href":"https:\/\/api.w.org\/{rel}","templated":true}]}}