{"id":4567,"date":"2020-10-30T15:00:11","date_gmt":"2020-10-30T15:00:11","guid":{"rendered":"https:\/\/motokary-karting.sk\/?post_type=product&#038;p=4567"},"modified":"2026-03-20T16:14:09","modified_gmt":"2026-03-20T16:14:09","slug":"mojo-sada-pneumatik-4ks-slick-d2xx-cik-predni-10450-5-stredni-xh3-cik-option-predni-4-6-stredni-2x-zadni-7-1","status":"publish","type":"product","link":"https:\/\/motokary-karting.sk\/cz\/produkt\/mojo-sada-pneu-4ks-slick-d2xx-cik-front-10450-5-middle-xh3-cik-option-predna-4-6-middle-2x-2x-zadna-7-1\/","title":{"rendered":"Sada 4 pneumatik MOJO - D2XX CIK | 2x p\u0159edn\u00ed 4,5 + 2x zadn\u00ed 7,1"},"content":{"rendered":"","protected":false},"excerpt":{"rendered":"","protected":false},"featured_media":4568,"template":"","meta":[],"product_brand":[],"product_cat":[118,20],"product_tag":[142,119,1284,1358,425,81,50,1283,1102,1357,182,183],"class_list":{"0":"post-4567","1":"product","2":"type-product","3":"status-publish","4":"has-post-thumbnail","6":"product_cat-mojo","7":"product_cat-pneumatiky","8":"product_tag-karting","9":"product_tag-mojo","10":"product_tag-mojo-pneu","11":"product_tag-mojo-pneumatiky","12":"product_tag-motokarove-pneu","13":"product_tag-motokary","14":"product_tag-pneu","15":"product_tag-pneu-mojo","16":"product_tag-pneu-na-motokary","17":"product_tag-pneumatiky-mojo","18":"product_tag-sadapneu","19":"product_tag-sadapneuvega","21":"first","22":"instock","23":"taxable","24":"shipping-taxable","25":"purchasable","26":"product-type-simple","27":"customify-col"},"aioseo_notices":[],"_links":{"self":[{"href":"https:\/\/motokary-karting.sk\/cz\/wp-json\/wp\/v2\/product\/4567","targetHints":{"allow":["GET"]}}],"collection":[{"href":"https:\/\/motokary-karting.sk\/cz\/wp-json\/wp\/v2\/product"}],"about":[{"href":"https:\/\/motokary-karting.sk\/cz\/wp-json\/wp\/v2\/types\/product"}],"wp:featuredmedia":[{"embeddable":true,"href":"https:\/\/motokary-karting.sk\/cz\/wp-json\/wp\/v2\/media\/4568"}],"wp:attachment":[{"href":"https:\/\/motokary-karting.sk\/cz\/wp-json\/wp\/v2\/media?parent=4567"}],"wp:term":[{"taxonomy":"product_brand","embeddable":true,"href":"https:\/\/motokary-karting.sk\/cz\/wp-json\/wp\/v2\/product_brand?post=4567"},{"taxonomy":"product_cat","embeddable":true,"href":"https:\/\/motokary-karting.sk\/cz\/wp-json\/wp\/v2\/product_cat?post=4567"},{"taxonomy":"product_tag","embeddable":true,"href":"https:\/\/motokary-karting.sk\/cz\/wp-json\/wp\/v2\/product_tag?post=4567"}],"curies":[{"name":"wp","href":"https:\/\/api.w.org\/{rel}","templated":true}]}}