{"id":4569,"date":"2020-10-30T15:03:48","date_gmt":"2020-10-30T15:03:48","guid":{"rendered":"https:\/\/motokary-karting.sk\/?post_type=product&#038;p=4569"},"modified":"2026-04-24T17:58:51","modified_gmt":"2026-04-24T17:58:51","slug":"mojo-sada-pneumatik-4ks-slick-d5-cik-10450-5-predni-4-6-2x-2x-zadni-7-1","status":"publish","type":"product","link":"https:\/\/motokary-karting.sk\/cz\/produkt\/mojo-sada-pneu-4ks-slick-d5-cik-10450-5-predna-4-6-2x-2x-zadna-7-1\/","title":{"rendered":"Sada 4 pneumatik MOJO - D5 CIK | 2x p\u0159edn\u00ed 4,5 + 2x zadn\u00ed 7,1"},"content":{"rendered":"","protected":false},"excerpt":{"rendered":"","protected":false},"featured_media":4570,"template":"","meta":[],"product_brand":[],"product_cat":[118,20],"product_tag":[142,119,1359,1284,1358,425,81,50,1283,1360,1102,1357,182,183],"class_list":{"0":"post-4569","1":"product","2":"type-product","3":"status-publish","4":"has-post-thumbnail","6":"product_cat-mojo","7":"product_cat-pneumatiky","8":"product_tag-karting","9":"product_tag-mojo","10":"product_tag-mojo-d5","11":"product_tag-mojo-pneu","12":"product_tag-mojo-pneumatiky","13":"product_tag-motokarove-pneu","14":"product_tag-motokary","15":"product_tag-pneu","16":"product_tag-pneu-mojo","17":"product_tag-pneu-mojo-d5","18":"product_tag-pneu-na-motokary","19":"product_tag-pneumatiky-mojo","20":"product_tag-sadapneu","21":"product_tag-sadapneuvega","23":"first","24":"onbackorder","25":"taxable","26":"shipping-taxable","27":"purchasable","28":"product-type-simple","29":"customify-col"},"aioseo_notices":[],"_links":{"self":[{"href":"https:\/\/motokary-karting.sk\/cz\/wp-json\/wp\/v2\/product\/4569","targetHints":{"allow":["GET"]}}],"collection":[{"href":"https:\/\/motokary-karting.sk\/cz\/wp-json\/wp\/v2\/product"}],"about":[{"href":"https:\/\/motokary-karting.sk\/cz\/wp-json\/wp\/v2\/types\/product"}],"wp:featuredmedia":[{"embeddable":true,"href":"https:\/\/motokary-karting.sk\/cz\/wp-json\/wp\/v2\/media\/4570"}],"wp:attachment":[{"href":"https:\/\/motokary-karting.sk\/cz\/wp-json\/wp\/v2\/media?parent=4569"}],"wp:term":[{"taxonomy":"product_brand","embeddable":true,"href":"https:\/\/motokary-karting.sk\/cz\/wp-json\/wp\/v2\/product_brand?post=4569"},{"taxonomy":"product_cat","embeddable":true,"href":"https:\/\/motokary-karting.sk\/cz\/wp-json\/wp\/v2\/product_cat?post=4569"},{"taxonomy":"product_tag","embeddable":true,"href":"https:\/\/motokary-karting.sk\/cz\/wp-json\/wp\/v2\/product_tag?post=4569"}],"curies":[{"name":"wp","href":"https:\/\/api.w.org\/{rel}","templated":true}]}}