{"id":4573,"date":"2020-10-30T15:21:05","date_gmt":"2020-10-30T15:21:05","guid":{"rendered":"https:\/\/motokary-karting.sk\/?post_type=product&#038;p=4573"},"modified":"2026-01-29T18:33:46","modified_gmt":"2026-01-29T18:33:46","slug":"bridgestone-bambini-slick-yjl-zadni-500-11-5-2ks","status":"publish","type":"product","link":"https:\/\/motokary-karting.sk\/cz\/produkt\/bridgestone-bambini-slick-yjl-zadna-500-11-5-2ks\/","title":{"rendered":"Bridgestone Bambini Slick YJL | zadn\u00ed 5,00\/11-5 | 2ks"},"content":{"rendered":"<p>Cena je uvedena za 2 pneumatiky.<\/p>","protected":false},"excerpt":{"rendered":"<p>Dod\u00e1n\u00ed zbo\u017e\u00ed na objedn\u00e1vku do 7 dn\u016f<\/p>","protected":false},"featured_media":4576,"template":"","meta":[],"product_brand":[],"product_cat":[1361,20],"product_tag":[241,1362,1364,142,425,424,45,81,1363,43],"class_list":{"0":"post-4573","1":"product","2":"type-product","3":"status-publish","4":"has-post-thumbnail","6":"product_cat-bridgestone","7":"product_cat-pneumatiky","8":"product_tag-bridgestone","9":"product_tag-bridgestone-bambini","10":"product_tag-bridgestone-pneu","11":"product_tag-karting","12":"product_tag-motokarove-pneu","13":"product_tag-motokarove-pneumatiky","14":"product_tag-motokarovepneu","15":"product_tag-motokary","16":"product_tag-pneu-bridgestone","17":"product_tag-pneumatiky","19":"first","20":"onbackorder","21":"taxable","22":"shipping-taxable","23":"purchasable","24":"product-type-simple","25":"customify-col"},"aioseo_notices":[],"_links":{"self":[{"href":"https:\/\/motokary-karting.sk\/cz\/wp-json\/wp\/v2\/product\/4573","targetHints":{"allow":["GET"]}}],"collection":[{"href":"https:\/\/motokary-karting.sk\/cz\/wp-json\/wp\/v2\/product"}],"about":[{"href":"https:\/\/motokary-karting.sk\/cz\/wp-json\/wp\/v2\/types\/product"}],"wp:featuredmedia":[{"embeddable":true,"href":"https:\/\/motokary-karting.sk\/cz\/wp-json\/wp\/v2\/media\/4576"}],"wp:attachment":[{"href":"https:\/\/motokary-karting.sk\/cz\/wp-json\/wp\/v2\/media?parent=4573"}],"wp:term":[{"taxonomy":"product_brand","embeddable":true,"href":"https:\/\/motokary-karting.sk\/cz\/wp-json\/wp\/v2\/product_brand?post=4573"},{"taxonomy":"product_cat","embeddable":true,"href":"https:\/\/motokary-karting.sk\/cz\/wp-json\/wp\/v2\/product_cat?post=4573"},{"taxonomy":"product_tag","embeddable":true,"href":"https:\/\/motokary-karting.sk\/cz\/wp-json\/wp\/v2\/product_tag?post=4573"}],"curies":[{"name":"wp","href":"https:\/\/api.w.org\/{rel}","templated":true}]}}