{"id":4645,"date":"2020-11-03T11:40:27","date_gmt":"2020-11-03T11:40:27","guid":{"rendered":"https:\/\/motokary-karting.sk\/?post_type=product&#038;p=4645"},"modified":"2022-11-08T14:20:40","modified_gmt":"2022-11-08T14:20:40","slug":"vlozka-do-detske-sedacky-caliba-makka","status":"publish","type":"product","link":"https:\/\/motokary-karting.sk\/cz\/produkt\/caliba-vlozka-do-sedadla-detska-makka\/","title":{"rendered":"CALIBA Vlo\u017eka do d\u011btsk\u00e9 seda\u010dky m\u011bkk\u00e1"},"content":{"rendered":"","protected":false},"excerpt":{"rendered":"<p>Dod\u00e1n\u00ed zbo\u017e\u00ed na objedn\u00e1vku do 7 dn\u016f<\/p>","protected":false},"featured_media":4647,"template":"","meta":[],"product_brand":[],"product_cat":[173,77,1241],"product_tag":[1382,142,81,290,1381,1380],"class_list":{"0":"post-4645","1":"product","2":"type-product","3":"status-publish","4":"has-post-thumbnail","6":"product_cat-podvozky-nahradne-diely","7":"product_cat-rental-karting","8":"product_cat-sedadla-prislusenstvo-pozicovna","9":"product_tag-detska-vlozka-do-sedadla","10":"product_tag-karting","11":"product_tag-motokary","12":"product_tag-pozicovna-motokar","13":"product_tag-sedadlo-do-pozicovne-motokar","14":"product_tag-vlozka-do-sedadla","16":"first","17":"onbackorder","18":"taxable","19":"shipping-taxable","20":"purchasable","21":"product-type-simple","22":"customify-col","23":"product-has-gallery"},"aioseo_notices":[],"_links":{"self":[{"href":"https:\/\/motokary-karting.sk\/cz\/wp-json\/wp\/v2\/product\/4645","targetHints":{"allow":["GET"]}}],"collection":[{"href":"https:\/\/motokary-karting.sk\/cz\/wp-json\/wp\/v2\/product"}],"about":[{"href":"https:\/\/motokary-karting.sk\/cz\/wp-json\/wp\/v2\/types\/product"}],"wp:featuredmedia":[{"embeddable":true,"href":"https:\/\/motokary-karting.sk\/cz\/wp-json\/wp\/v2\/media\/4647"}],"wp:attachment":[{"href":"https:\/\/motokary-karting.sk\/cz\/wp-json\/wp\/v2\/media?parent=4645"}],"wp:term":[{"taxonomy":"product_brand","embeddable":true,"href":"https:\/\/motokary-karting.sk\/cz\/wp-json\/wp\/v2\/product_brand?post=4645"},{"taxonomy":"product_cat","embeddable":true,"href":"https:\/\/motokary-karting.sk\/cz\/wp-json\/wp\/v2\/product_cat?post=4645"},{"taxonomy":"product_tag","embeddable":true,"href":"https:\/\/motokary-karting.sk\/cz\/wp-json\/wp\/v2\/product_tag?post=4645"}],"curies":[{"name":"wp","href":"https:\/\/api.w.org\/{rel}","templated":true}]}}