{"id":4664,"date":"2020-11-03T12:24:22","date_gmt":"2020-11-03T12:24:22","guid":{"rendered":"https:\/\/motokary-karting.sk\/?post_type=product&#038;p=4664"},"modified":"2025-09-13T14:11:57","modified_gmt":"2025-09-13T14:11:57","slug":"podlozka-pod-sroub-sedla-cerna-hlinikova-8-x-22-mm","status":"publish","type":"product","link":"https:\/\/motokary-karting.sk\/cz\/produkt\/podlozka-skrutky-sedadla-cierna-hlinikova-8-x-22mm\/","title":{"rendered":"Podlo\u017eka pod sedlov\u00fd \u0161roub st\u0159\u00edbrn\u00e1 hlin\u00edkov\u00e1 8 x 22 mm"},"content":{"rendered":"","protected":false},"excerpt":{"rendered":"<p>Dod\u00e1n\u00ed zbo\u017e\u00ed na objedn\u00e1vku do 7 dn\u016f<\/p>","protected":false},"featured_media":29505,"template":"","meta":[],"product_brand":[],"product_cat":[271,366,279,1241],"product_tag":[142,81,446,406,447,292],"class_list":{"0":"post-4664","1":"product","2":"type-product","3":"status-publish","4":"has-post-thumbnail","6":"product_cat-nahradne-diely-na-podvozky","7":"product_cat-prislusenstvo-k-sedadlam","8":"product_cat-sedadla-prislusenstvo","9":"product_cat-sedadla-prislusenstvo-pozicovna","10":"product_tag-karting","11":"product_tag-motokary","12":"product_tag-nahradne-diely-pre-motokary","13":"product_tag-podlozka","14":"product_tag-podlozka-na-srob-sedadla","15":"product_tag-podlozka-skrutky-sedadla","17":"first","18":"instock","19":"taxable","20":"shipping-taxable","21":"purchasable","22":"product-type-simple","23":"customify-col"},"aioseo_notices":[],"_links":{"self":[{"href":"https:\/\/motokary-karting.sk\/cz\/wp-json\/wp\/v2\/product\/4664","targetHints":{"allow":["GET"]}}],"collection":[{"href":"https:\/\/motokary-karting.sk\/cz\/wp-json\/wp\/v2\/product"}],"about":[{"href":"https:\/\/motokary-karting.sk\/cz\/wp-json\/wp\/v2\/types\/product"}],"wp:featuredmedia":[{"embeddable":true,"href":"https:\/\/motokary-karting.sk\/cz\/wp-json\/wp\/v2\/media\/29505"}],"wp:attachment":[{"href":"https:\/\/motokary-karting.sk\/cz\/wp-json\/wp\/v2\/media?parent=4664"}],"wp:term":[{"taxonomy":"product_brand","embeddable":true,"href":"https:\/\/motokary-karting.sk\/cz\/wp-json\/wp\/v2\/product_brand?post=4664"},{"taxonomy":"product_cat","embeddable":true,"href":"https:\/\/motokary-karting.sk\/cz\/wp-json\/wp\/v2\/product_cat?post=4664"},{"taxonomy":"product_tag","embeddable":true,"href":"https:\/\/motokary-karting.sk\/cz\/wp-json\/wp\/v2\/product_tag?post=4664"}],"curies":[{"name":"wp","href":"https:\/\/api.w.org\/{rel}","templated":true}]}}