{"id":4689,"date":"2020-11-07T23:00:27","date_gmt":"2020-11-07T23:00:27","guid":{"rendered":"https:\/\/motokary-karting.sk\/?post_type=product&#038;p=4689"},"modified":"2026-02-26T16:55:35","modified_gmt":"2026-02-26T16:55:35","slug":"medaile-motokara-zlata-stribrna-bronzova-45mm","status":"publish","type":"product","link":"https:\/\/motokary-karting.sk\/cz\/produkt\/medajla-motokara-zlato-striebro-bronz-45mm\/","title":{"rendered":"Zlat\u00e1 \/ st\u0159\u00edbrn\u00e1 \/ bronzov\u00e1 medaile 45 mm"},"content":{"rendered":"<p>\u0160\u0148\u016frku je t\u0159eba objednat zvl\u00e1\u0161\u0165 - v\u00fdb\u011br barvy<\/p>","protected":false},"excerpt":{"rendered":"<p>\u0160\u0148\u016frku je t\u0159eba objednat zvl\u00e1\u0161\u0165 - v\u00fdb\u011br barvy<\/p>","protected":false},"featured_media":4690,"template":"","meta":[],"product_brand":[],"product_cat":[1391],"product_tag":[142,1392,1394,1393,81,290],"class_list":{"0":"post-4689","1":"product","2":"type-product","3":"status-publish","4":"has-post-thumbnail","6":"product_cat-trofeje-medajle-vlajky","7":"product_tag-karting","8":"product_tag-medajla-motokara","9":"product_tag-medajla-s-motivom-motokary","10":"product_tag-motokarova-medajla","11":"product_tag-motokary","12":"product_tag-pozicovna-motokar","14":"first","15":"instock","16":"taxable","17":"shipping-taxable","18":"purchasable","19":"product-type-variable","20":"customify-col"},"aioseo_notices":[],"_links":{"self":[{"href":"https:\/\/motokary-karting.sk\/cz\/wp-json\/wp\/v2\/product\/4689","targetHints":{"allow":["GET"]}}],"collection":[{"href":"https:\/\/motokary-karting.sk\/cz\/wp-json\/wp\/v2\/product"}],"about":[{"href":"https:\/\/motokary-karting.sk\/cz\/wp-json\/wp\/v2\/types\/product"}],"wp:featuredmedia":[{"embeddable":true,"href":"https:\/\/motokary-karting.sk\/cz\/wp-json\/wp\/v2\/media\/4690"}],"wp:attachment":[{"href":"https:\/\/motokary-karting.sk\/cz\/wp-json\/wp\/v2\/media?parent=4689"}],"wp:term":[{"taxonomy":"product_brand","embeddable":true,"href":"https:\/\/motokary-karting.sk\/cz\/wp-json\/wp\/v2\/product_brand?post=4689"},{"taxonomy":"product_cat","embeddable":true,"href":"https:\/\/motokary-karting.sk\/cz\/wp-json\/wp\/v2\/product_cat?post=4689"},{"taxonomy":"product_tag","embeddable":true,"href":"https:\/\/motokary-karting.sk\/cz\/wp-json\/wp\/v2\/product_tag?post=4689"}],"curies":[{"name":"wp","href":"https:\/\/api.w.org\/{rel}","templated":true}]}}