{"id":4753,"date":"2020-11-07T23:47:27","date_gmt":"2020-11-07T23:47:27","guid":{"rendered":"https:\/\/motokary-karting.sk\/?post_type=product&#038;p=4753"},"modified":"2022-01-07T20:04:57","modified_gmt":"2022-01-07T20:04:57","slug":"cislo-vitezneho-poharu-123-zlato-stribro-bronz","status":"publish","type":"product","link":"https:\/\/motokary-karting.sk\/cz\/produkt\/vitazny-pohar-cislo-123-zlato-striebro-bronz\/","title":{"rendered":"Poh\u00e1r v\u00edt\u011bze \u010d\u00edslo 123 Zlato \/ St\u0159\u00edbro \/ Bronz"},"content":{"rendered":"","protected":false},"excerpt":{"rendered":"","protected":false},"featured_media":4757,"template":"","meta":[],"product_brand":[],"product_cat":[1391],"product_tag":[142,81,290,1401,1398,1402,1403,1400,1399],"class_list":{"0":"post-4753","1":"product","2":"type-product","3":"status-publish","4":"has-post-thumbnail","6":"product_cat-trofeje-medajle-vlajky","7":"product_tag-karting","8":"product_tag-motokary","9":"product_tag-pozicovna-motokar","10":"product_tag-sada-vitaznych-poharov-s-logom-motokary","11":"product_tag-vitazny-pohar","12":"product_tag-vitazny-pohar-logo-motokara","13":"product_tag-vitazny-pohar-logo-motokary","14":"product_tag-vitazny-pohar-motokara","15":"product_tag-vitazny-pohar-motokary","17":"first","18":"onbackorder","19":"taxable","20":"shipping-taxable","21":"purchasable","22":"product-type-variable","23":"customify-col"},"aioseo_notices":[],"_links":{"self":[{"href":"https:\/\/motokary-karting.sk\/cz\/wp-json\/wp\/v2\/product\/4753","targetHints":{"allow":["GET"]}}],"collection":[{"href":"https:\/\/motokary-karting.sk\/cz\/wp-json\/wp\/v2\/product"}],"about":[{"href":"https:\/\/motokary-karting.sk\/cz\/wp-json\/wp\/v2\/types\/product"}],"wp:featuredmedia":[{"embeddable":true,"href":"https:\/\/motokary-karting.sk\/cz\/wp-json\/wp\/v2\/media\/4757"}],"wp:attachment":[{"href":"https:\/\/motokary-karting.sk\/cz\/wp-json\/wp\/v2\/media?parent=4753"}],"wp:term":[{"taxonomy":"product_brand","embeddable":true,"href":"https:\/\/motokary-karting.sk\/cz\/wp-json\/wp\/v2\/product_brand?post=4753"},{"taxonomy":"product_cat","embeddable":true,"href":"https:\/\/motokary-karting.sk\/cz\/wp-json\/wp\/v2\/product_cat?post=4753"},{"taxonomy":"product_tag","embeddable":true,"href":"https:\/\/motokary-karting.sk\/cz\/wp-json\/wp\/v2\/product_tag?post=4753"}],"curies":[{"name":"wp","href":"https:\/\/api.w.org\/{rel}","templated":true}]}}