{"id":4761,"date":"2020-11-07T23:54:49","date_gmt":"2020-11-07T23:54:49","guid":{"rendered":"https:\/\/motokary-karting.sk\/?post_type=product&#038;p=4761"},"modified":"2024-02-23T14:50:22","modified_gmt":"2024-02-23T14:50:22","slug":"pohar-vitezu-v-motokarach-zlato-stribro-bronz","status":"publish","type":"product","link":"https:\/\/motokary-karting.sk\/cz\/produkt\/vitazny-pohar-motokara-zlato-striebro-bronz\/","title":{"rendered":"Poh\u00e1r v\u00edt\u011bz\u016f v motok\u00e1r\u00e1ch Zlato \/ St\u0159\u00edbro \/ Bronz"},"content":{"rendered":"","protected":false},"excerpt":{"rendered":"","protected":false},"featured_media":4769,"template":"","meta":[],"product_brand":[],"product_cat":[1391],"product_tag":[142,1344,81,290,1401,1398,1402,1403,1400,1399],"class_list":{"0":"post-4761","1":"product","2":"type-product","3":"status-publish","4":"has-post-thumbnail","6":"product_cat-trofeje-medajle-vlajky","7":"product_tag-karting","8":"product_tag-karting-shop","9":"product_tag-motokary","10":"product_tag-pozicovna-motokar","11":"product_tag-sada-vitaznych-poharov-s-logom-motokary","12":"product_tag-vitazny-pohar","13":"product_tag-vitazny-pohar-logo-motokara","14":"product_tag-vitazny-pohar-logo-motokary","15":"product_tag-vitazny-pohar-motokara","16":"product_tag-vitazny-pohar-motokary","18":"first","19":"onbackorder","20":"taxable","21":"shipping-taxable","22":"purchasable","23":"product-type-variable","24":"customify-col"},"aioseo_notices":[],"_links":{"self":[{"href":"https:\/\/motokary-karting.sk\/cz\/wp-json\/wp\/v2\/product\/4761","targetHints":{"allow":["GET"]}}],"collection":[{"href":"https:\/\/motokary-karting.sk\/cz\/wp-json\/wp\/v2\/product"}],"about":[{"href":"https:\/\/motokary-karting.sk\/cz\/wp-json\/wp\/v2\/types\/product"}],"wp:featuredmedia":[{"embeddable":true,"href":"https:\/\/motokary-karting.sk\/cz\/wp-json\/wp\/v2\/media\/4769"}],"wp:attachment":[{"href":"https:\/\/motokary-karting.sk\/cz\/wp-json\/wp\/v2\/media?parent=4761"}],"wp:term":[{"taxonomy":"product_brand","embeddable":true,"href":"https:\/\/motokary-karting.sk\/cz\/wp-json\/wp\/v2\/product_brand?post=4761"},{"taxonomy":"product_cat","embeddable":true,"href":"https:\/\/motokary-karting.sk\/cz\/wp-json\/wp\/v2\/product_cat?post=4761"},{"taxonomy":"product_tag","embeddable":true,"href":"https:\/\/motokary-karting.sk\/cz\/wp-json\/wp\/v2\/product_tag?post=4761"}],"curies":[{"name":"wp","href":"https:\/\/api.w.org\/{rel}","templated":true}]}}