{"id":4797,"date":"2020-11-12T08:15:15","date_gmt":"2020-11-12T08:15:15","guid":{"rendered":"https:\/\/motokary-karting.sk\/?post_type=product&#038;p=4797"},"modified":"2024-02-15T12:46:09","modified_gmt":"2024-02-15T12:46:09","slug":"zavodni-bunda-sparco-martini","status":"publish","type":"product","link":"https:\/\/motokary-karting.sk\/cz\/produkt\/sparco-bunda-martini-racing\/","title":{"rendered":"Sparco bunda MARTINI RACING"},"content":{"rendered":"<p>Design inspirovan\u00fd legend\u00e1rn\u00edm celkov\u00fdm z\u00e1vodem MARTINI RACING dod\u00e1v\u00e1 t\u00e9to bomber bund\u011b mimo\u0159\u00e1dn\u011b sportovn\u00ed vzhled. P\u0159ipevn\u011bn\u00e9 n\u00e1ramen\u00edky a p\u00e1sek na krku ve stylov\u00e9m motorsportov\u00e9m vzhledu. P\u0159es celou p\u0159edn\u00ed stranu se t\u00e1hne velk\u00e1 aplikace \u0161t\u00edtku s v\u00fdrazn\u00fdmi barevn\u00fdmi pruhy MARTINI RACING. Ruk\u00e1vy a p\u00e1sek na krku zdob\u00ed mal\u00e9 aplikace. Sportovn\u00ed st\u0159ih spolu s r\u016fzn\u00fdmi v\u00fd\u0161ivkami p\u0159ipom\u00edn\u00e1 historick\u00e9 z\u00e1vody a d\u011bl\u00e1 z t\u00e9to bundy absolutn\u00ed pouta\u010d pozornosti.<\/p>\n<p>Vrchn\u00ed materi\u00e1l: 100% polyamid, pod\u0161\u00edvka: 100% polyester<\/p>","protected":false},"excerpt":{"rendered":"<p>Design inspirovan\u00fd legend\u00e1rn\u00edm celkov\u00fdm z\u00e1vodem MARTINI RACING dod\u00e1v\u00e1 t\u00e9to bomber bund\u011b mimo\u0159\u00e1dn\u011b sportovn\u00ed vzhled. P\u0159ipevn\u011bn\u00e9 n\u00e1ramen\u00edky a p\u00e1sek na krku ve stylov\u00e9m motorsportov\u00e9m vzhledu. P\u0159es hlavu...<\/p>","protected":false},"featured_media":4814,"template":"","meta":[],"product_brand":[],"product_cat":[2916,32,1458],"product_tag":[142,1421,81,26,1419,1418,1422,1420],"class_list":{"0":"post-4797","1":"product","2":"type-product","3":"status-publish","4":"has-post-thumbnail","6":"product_cat-bundy","7":"product_cat-lifestyle-oblecenie-a-produkty-na-volny-cas","8":"product_cat-martini-racing","9":"product_tag-karting","10":"product_tag-martini-racing","11":"product_tag-motokary","12":"product_tag-sparco","13":"product_tag-sparco-bomber","14":"product_tag-sparco-bomber-bunda","15":"product_tag-sparco-bomber-bunda-martini-racing","16":"product_tag-sparco-martini-racing","18":"first","19":"onbackorder","20":"sale","21":"taxable","22":"shipping-taxable","23":"purchasable","24":"product-type-variable","25":"customify-col","26":"product-has-gallery"},"aioseo_notices":[],"_links":{"self":[{"href":"https:\/\/motokary-karting.sk\/cz\/wp-json\/wp\/v2\/product\/4797","targetHints":{"allow":["GET"]}}],"collection":[{"href":"https:\/\/motokary-karting.sk\/cz\/wp-json\/wp\/v2\/product"}],"about":[{"href":"https:\/\/motokary-karting.sk\/cz\/wp-json\/wp\/v2\/types\/product"}],"wp:featuredmedia":[{"embeddable":true,"href":"https:\/\/motokary-karting.sk\/cz\/wp-json\/wp\/v2\/media\/4814"}],"wp:attachment":[{"href":"https:\/\/motokary-karting.sk\/cz\/wp-json\/wp\/v2\/media?parent=4797"}],"wp:term":[{"taxonomy":"product_brand","embeddable":true,"href":"https:\/\/motokary-karting.sk\/cz\/wp-json\/wp\/v2\/product_brand?post=4797"},{"taxonomy":"product_cat","embeddable":true,"href":"https:\/\/motokary-karting.sk\/cz\/wp-json\/wp\/v2\/product_cat?post=4797"},{"taxonomy":"product_tag","embeddable":true,"href":"https:\/\/motokary-karting.sk\/cz\/wp-json\/wp\/v2\/product_tag?post=4797"}],"curies":[{"name":"wp","href":"https:\/\/api.w.org\/{rel}","templated":true}]}}