{"id":4900,"date":"2020-11-12T09:23:10","date_gmt":"2020-11-12T09:23:10","guid":{"rendered":"https:\/\/motokary-karting.sk\/?post_type=product&#038;p=4900"},"modified":"2023-01-01T19:01:31","modified_gmt":"2023-01-01T19:01:31","slug":"kozeny-privesek-na-klice-sparco-martini-racing","status":"publish","type":"product","link":"https:\/\/motokary-karting.sk\/cz\/produkt\/sparco-klucenka-kozena-martini-racing\/","title":{"rendered":"Sparco Ko\u017een\u00e1 kl\u00ed\u010denka MARTINI RACING"},"content":{"rendered":"","protected":false},"excerpt":{"rendered":"<p>Dod\u00e1n\u00ed 7-10 dn\u00ed<\/p>","protected":false},"featured_media":4901,"template":"","meta":[],"product_brand":[],"product_cat":[32,1458,742],"product_tag":[142,1433,1421,81,945,959,26,1432,946,955],"class_list":{"0":"post-4900","1":"product","2":"type-product","3":"status-publish","4":"has-post-thumbnail","6":"product_cat-lifestyle-oblecenie-a-produkty-na-volny-cas","7":"product_cat-martini-racing","8":"product_cat-ostatne-lifestyloblecenieadoplnky","9":"product_tag-karting","10":"product_tag-klucenka","11":"product_tag-martini-racing","12":"product_tag-motokary","13":"product_tag-predajna-sparco","14":"product_tag-skoba-na-kluce","15":"product_tag-sparco","16":"product_tag-sparco-batoh","17":"product_tag-sparco-dealer","18":"product_tag-sparco-predajna","20":"first","21":"onbackorder","22":"sale","23":"taxable","24":"shipping-taxable","25":"purchasable","26":"product-type-simple","27":"customify-col","28":"product-has-gallery"},"aioseo_notices":[],"_links":{"self":[{"href":"https:\/\/motokary-karting.sk\/cz\/wp-json\/wp\/v2\/product\/4900","targetHints":{"allow":["GET"]}}],"collection":[{"href":"https:\/\/motokary-karting.sk\/cz\/wp-json\/wp\/v2\/product"}],"about":[{"href":"https:\/\/motokary-karting.sk\/cz\/wp-json\/wp\/v2\/types\/product"}],"wp:featuredmedia":[{"embeddable":true,"href":"https:\/\/motokary-karting.sk\/cz\/wp-json\/wp\/v2\/media\/4901"}],"wp:attachment":[{"href":"https:\/\/motokary-karting.sk\/cz\/wp-json\/wp\/v2\/media?parent=4900"}],"wp:term":[{"taxonomy":"product_brand","embeddable":true,"href":"https:\/\/motokary-karting.sk\/cz\/wp-json\/wp\/v2\/product_brand?post=4900"},{"taxonomy":"product_cat","embeddable":true,"href":"https:\/\/motokary-karting.sk\/cz\/wp-json\/wp\/v2\/product_cat?post=4900"},{"taxonomy":"product_tag","embeddable":true,"href":"https:\/\/motokary-karting.sk\/cz\/wp-json\/wp\/v2\/product_tag?post=4900"}],"curies":[{"name":"wp","href":"https:\/\/api.w.org\/{rel}","templated":true}]}}