{"id":4902,"date":"2020-12-10T07:26:54","date_gmt":"2020-12-10T07:26:54","guid":{"rendered":"https:\/\/motokary-karting.sk\/?post_type=product&#038;p=4902"},"modified":"2024-10-14T16:12:48","modified_gmt":"2024-10-14T16:12:48","slug":"sparco-siltovka-martini-racing","status":"publish","type":"product","link":"https:\/\/motokary-karting.sk\/cz\/produkt\/sparco-siltovka-martini-racing\/","title":{"rendered":"V\u00ed\u010dko Sparco MARTINI RACING"},"content":{"rendered":"<p>Origin\u00e1ln\u00ed \u010depice SPARCO ve speci\u00e1ln\u00ed edici MARTINI RACING!<br \/>\n98% polyester, 2% elastan 3D vy\u0161\u00edvan\u00e1 loga SPARCO a MARTINI RACING<\/p>","protected":false},"excerpt":{"rendered":"<p>Origin\u00e1ln\u00ed \u010depice SPARCO ve speci\u00e1ln\u00ed edici MARTINI RACING! 98% polyester, 2% elastan 3D vy\u0161\u00edvan\u00e1 loga SPARCO a MARTINI RACING<\/p>","protected":false},"featured_media":4903,"template":"","meta":[],"product_brand":[],"product_cat":[32,1458,942],"product_tag":[142,1433,1436,1421,1434,81,945,1435,959,26,946,1437,955],"class_list":{"0":"post-4902","1":"product","2":"type-product","3":"status-publish","4":"has-post-thumbnail","6":"product_cat-lifestyle-oblecenie-a-produkty-na-volny-cas","7":"product_cat-martini-racing","8":"product_cat-siltovky-a-ciapky","9":"product_tag-karting","10":"product_tag-klucenka","11":"product_tag-ksiltovka-martini-racing","12":"product_tag-martini-racing","13":"product_tag-martini-racing-cap","14":"product_tag-motokary","15":"product_tag-predajna-sparco","16":"product_tag-siltovka-martini-racing","17":"product_tag-skoba-na-kluce","18":"product_tag-sparco","19":"product_tag-sparco-dealer","20":"product_tag-sparco-martini-racing-siltovka","21":"product_tag-sparco-predajna","23":"first","24":"onbackorder","25":"taxable","26":"shipping-taxable","27":"purchasable","28":"product-type-simple","29":"customify-col","30":"product-has-gallery"},"aioseo_notices":[],"_links":{"self":[{"href":"https:\/\/motokary-karting.sk\/cz\/wp-json\/wp\/v2\/product\/4902","targetHints":{"allow":["GET"]}}],"collection":[{"href":"https:\/\/motokary-karting.sk\/cz\/wp-json\/wp\/v2\/product"}],"about":[{"href":"https:\/\/motokary-karting.sk\/cz\/wp-json\/wp\/v2\/types\/product"}],"wp:featuredmedia":[{"embeddable":true,"href":"https:\/\/motokary-karting.sk\/cz\/wp-json\/wp\/v2\/media\/4903"}],"wp:attachment":[{"href":"https:\/\/motokary-karting.sk\/cz\/wp-json\/wp\/v2\/media?parent=4902"}],"wp:term":[{"taxonomy":"product_brand","embeddable":true,"href":"https:\/\/motokary-karting.sk\/cz\/wp-json\/wp\/v2\/product_brand?post=4902"},{"taxonomy":"product_cat","embeddable":true,"href":"https:\/\/motokary-karting.sk\/cz\/wp-json\/wp\/v2\/product_cat?post=4902"},{"taxonomy":"product_tag","embeddable":true,"href":"https:\/\/motokary-karting.sk\/cz\/wp-json\/wp\/v2\/product_tag?post=4902"}],"curies":[{"name":"wp","href":"https:\/\/api.w.org\/{rel}","templated":true}]}}