{"id":4907,"date":"2023-10-26T09:34:39","date_gmt":"2023-10-26T09:34:39","guid":{"rendered":"https:\/\/motokary-karting.sk\/?post_type=product&#038;p=4907"},"modified":"2026-01-22T11:02:24","modified_gmt":"2026-01-22T11:02:24","slug":"sparco-studeny-dort-martini-racing","status":"publish","type":"product","link":"https:\/\/motokary-karting.sk\/cz\/produkt\/sparco-zimna-ciapka-martini-racing\/","title":{"rendered":"Zimn\u00ed \u010depice Sparco MARTINI RACING"},"content":{"rendered":"<p>Origin\u00e1ln\u00ed \u010depice SPARCO ve speci\u00e1ln\u00ed edici MARTINI RACING!<\/p>\n<p>50% vlna, 50% akryl<\/p>\n<p>Vnit\u0159n\u00ed pod\u0161\u00edvka z m\u011bkk\u00e9ho fleecu<\/p>","protected":false},"excerpt":{"rendered":"<p>Origin\u00e1ln\u00ed \u010depice SPARCO ve speci\u00e1ln\u00ed edici MARTINI RACING! 50% vlna, 50% akryl Vnit\u0159n\u00ed pod\u0161\u00edvka m\u011bkk\u00fd fleece.<\/p>","protected":false},"featured_media":4908,"template":"","meta":[],"product_brand":[],"product_cat":[32,1458,942,158],"product_tag":[1441,142,1344,1421,1434,1440,81,945,26,946,1437,955,956,1439,1438],"class_list":{"0":"post-4907","1":"product","2":"type-product","3":"status-publish","4":"has-post-thumbnail","6":"product_cat-lifestyle-oblecenie-a-produkty-na-volny-cas","7":"product_cat-martini-racing","8":"product_cat-siltovky-a-ciapky","9":"product_cat-tip-na-darcek","10":"product_tag-capica-martini-racing","11":"product_tag-karting","12":"product_tag-karting-shop","13":"product_tag-martini-racing","14":"product_tag-martini-racing-cap","15":"product_tag-martini-racing-zimna-ciapka","16":"product_tag-motokary","17":"product_tag-predajna-sparco","18":"product_tag-sparco","19":"product_tag-sparco-dealer","20":"product_tag-sparco-martini-racing-siltovka","21":"product_tag-sparco-predajna","22":"product_tag-zimna-ciapka","23":"product_tag-zimna-ciapka-martini-racing","24":"product_tag-zimna-ciapka-sparco","26":"first","27":"instock","28":"sale","29":"taxable","30":"shipping-taxable","31":"purchasable","32":"product-type-simple","33":"customify-col","34":"product-has-gallery"},"aioseo_notices":[],"_links":{"self":[{"href":"https:\/\/motokary-karting.sk\/cz\/wp-json\/wp\/v2\/product\/4907","targetHints":{"allow":["GET"]}}],"collection":[{"href":"https:\/\/motokary-karting.sk\/cz\/wp-json\/wp\/v2\/product"}],"about":[{"href":"https:\/\/motokary-karting.sk\/cz\/wp-json\/wp\/v2\/types\/product"}],"wp:featuredmedia":[{"embeddable":true,"href":"https:\/\/motokary-karting.sk\/cz\/wp-json\/wp\/v2\/media\/4908"}],"wp:attachment":[{"href":"https:\/\/motokary-karting.sk\/cz\/wp-json\/wp\/v2\/media?parent=4907"}],"wp:term":[{"taxonomy":"product_brand","embeddable":true,"href":"https:\/\/motokary-karting.sk\/cz\/wp-json\/wp\/v2\/product_brand?post=4907"},{"taxonomy":"product_cat","embeddable":true,"href":"https:\/\/motokary-karting.sk\/cz\/wp-json\/wp\/v2\/product_cat?post=4907"},{"taxonomy":"product_tag","embeddable":true,"href":"https:\/\/motokary-karting.sk\/cz\/wp-json\/wp\/v2\/product_tag?post=4907"}],"curies":[{"name":"wp","href":"https:\/\/api.w.org\/{rel}","templated":true}]}}