{"id":4973,"date":"2026-02-01T01:07:14","date_gmt":"2026-02-01T01:07:14","guid":{"rendered":"https:\/\/motokary-karting.sk\/?post_type=product&#038;p=4973"},"modified":"2026-02-18T04:48:24","modified_gmt":"2026-02-18T04:48:24","slug":"darcovsky-poukaz-v-hodnote-40-eur","status":"publish","type":"product","link":"https:\/\/motokary-karting.sk\/cz\/produkt\/darcekova-poukazka-v-hodnote-40-eur\/","title":{"rendered":"D\u00e1rkov\u00fd poukaz v hodnot\u011b 40 EUR"},"content":{"rendered":"<p>Poukaz v\u00e1s oprav\u0148uje k jednor\u00e1zov\u00e9mu n\u00e1kupu v na\u0161em e-shopu na adrese www.motokary-karting.sk nebo v obchod\u011b p\u0159i osobn\u00edm n\u00e1kupu.<\/p>\n<p>Poukaz obsahuje jedine\u010dn\u00fd slevov\u00fd k\u00f3d , kter\u00fd majitel poukazu zad\u00e1 do n\u00e1kupn\u00edho ko\u0161\u00edku p\u0159i objedn\u00e1v\u00e1n\u00ed zbo\u017e\u00ed a pot\u00e9 se mu z n\u00e1kupu ode\u010dte \u010d\u00e1stka 40 eur.<\/p>\n<p>Platnost: <strong>90 dn\u00ed od zakoupen\u00ed voucheru<\/strong><\/p>","protected":false},"excerpt":{"rendered":"<p>Pouk\u00e1zky jsou zas\u00edl\u00e1ny e-mailem do 24 hodin od n\u00e1kupu<\/p>","protected":false},"featured_media":32910,"template":"","meta":[],"product_brand":[],"product_cat":[158],"product_tag":[160,1459,931,159,1460,142,81,1461],"class_list":{"0":"post-4973","1":"product","2":"type-product","3":"status-publish","4":"has-post-thumbnail","6":"product_cat-tip-na-darcek","7":"product_tag-darcek","8":"product_tag-darcek-na-motokaru","9":"product_tag-darcekova-poukazka","10":"product_tag-darcekovapoukazka","11":"product_tag-jazdenie-na-motokare","12":"product_tag-karting","13":"product_tag-motokary","14":"product_tag-vianoce-motokary","16":"first","17":"instock","18":"virtual","19":"taxable","20":"purchasable","21":"product-type-simple","22":"customify-col"},"aioseo_notices":[],"_links":{"self":[{"href":"https:\/\/motokary-karting.sk\/cz\/wp-json\/wp\/v2\/product\/4973","targetHints":{"allow":["GET"]}}],"collection":[{"href":"https:\/\/motokary-karting.sk\/cz\/wp-json\/wp\/v2\/product"}],"about":[{"href":"https:\/\/motokary-karting.sk\/cz\/wp-json\/wp\/v2\/types\/product"}],"wp:featuredmedia":[{"embeddable":true,"href":"https:\/\/motokary-karting.sk\/cz\/wp-json\/wp\/v2\/media\/32910"}],"wp:attachment":[{"href":"https:\/\/motokary-karting.sk\/cz\/wp-json\/wp\/v2\/media?parent=4973"}],"wp:term":[{"taxonomy":"product_brand","embeddable":true,"href":"https:\/\/motokary-karting.sk\/cz\/wp-json\/wp\/v2\/product_brand?post=4973"},{"taxonomy":"product_cat","embeddable":true,"href":"https:\/\/motokary-karting.sk\/cz\/wp-json\/wp\/v2\/product_cat?post=4973"},{"taxonomy":"product_tag","embeddable":true,"href":"https:\/\/motokary-karting.sk\/cz\/wp-json\/wp\/v2\/product_tag?post=4973"}],"curies":[{"name":"wp","href":"https:\/\/api.w.org\/{rel}","templated":true}]}}