{"id":5443,"date":"2020-11-24T05:38:41","date_gmt":"2020-11-24T05:38:41","guid":{"rendered":"https:\/\/motokary-karting.sk\/?post_type=product&#038;p=5443"},"modified":"2026-01-28T19:08:48","modified_gmt":"2026-01-28T19:08:48","slug":"shock-doctor-chranic-zeber-pro-deti","status":"publish","type":"product","link":"https:\/\/motokary-karting.sk\/cz\/produkt\/shock-doctor-rebrovy-chranic-detsky\/","title":{"rendered":"Chr\u00e1ni\u010d \u017eeber Shock Doctor pro d\u011bti"},"content":{"rendered":"<p>Ochrann\u00e1 vesta Shock Doctor poskytuje vysokou m\u00edru volnosti pohybu,<br \/>\npohodl\u00ed a ochrana. Perfektn\u011b sed\u00ed d\u00edky n\u011bkolika elastick\u00fdm p\u00e1s\u016fm,<br \/>\nZap\u00edn\u00e1n\u00ed na such\u00fd zip pro nastaven\u00ed \u0161\u00ed\u0159ky a odn\u00edmateln\u00fd b\u0159i\u0161n\u00ed p\u00e1s,<br \/>\nkter\u00e1 zabra\u0148uje sklouznut\u00ed ochrann\u00e9 vesty. Dva pru\u017en\u00e9 bo\u010dn\u00ed \u0161t\u00edty a patentovan\u00fd<br \/>\npanc\u00e9\u0159ov\u00e1n\u00ed hrudn\u00edku \u00fa\u010dinn\u011b br\u00e1n\u00ed \u00fader\u016fm. P\u0159edn\u00ed a zadn\u00ed strana jsou vyrobeny<br \/>\njsou vyrobeny z m\u011bkk\u00e9, vysoce prody\u0161n\u00e9 p\u011bny EVA a zaji\u0161\u0165uj\u00ed p\u0159\u00edjemn\u00e9 v\u011btr\u00e1n\u00ed.<\/p>","protected":false},"excerpt":{"rendered":"<p>Ochrann\u00e1 vesta Shock Doctor poskytuje vysok\u00fd stupe\u0148 volnosti pohybu, pohodl\u00ed a ochrany. Perfektn\u011b padne d\u00edky n\u011bkolika elastick\u00fdm p\u00e1s\u016fm, zap\u00edn\u00e1n\u00ed na such\u00fd zip pro nastaven\u00ed \u0161\u00ed\u0159ky,...<\/p>","protected":false},"featured_media":13327,"template":"","meta":[],"product_brand":[],"product_cat":[88,18],"product_tag":[721,1543,81,720,1541,1281,1030,1203,1542],"class_list":{"0":"post-5443","1":"product","2":"type-product","3":"status-publish","4":"has-post-thumbnail","6":"product_cat-ochrana-rebier","7":"product_cat-vybava-pretekara","8":"product_tag-chranic-rebier","9":"product_tag-chranic-rebier-shock-doctor","10":"product_tag-motokary","11":"product_tag-ochrana-rebier","12":"product_tag-omp-basic","13":"product_tag-omp-rebrovy-chranic","14":"product_tag-rebrovy-chranic","15":"product_tag-rebrovy-chranic-na-motokary","16":"product_tag-shock-doctor","18":"first","19":"onbackorder","20":"taxable","21":"shipping-taxable","22":"purchasable","23":"product-type-variable","24":"customify-col","25":"product-has-gallery"},"aioseo_notices":[],"_links":{"self":[{"href":"https:\/\/motokary-karting.sk\/cz\/wp-json\/wp\/v2\/product\/5443","targetHints":{"allow":["GET"]}}],"collection":[{"href":"https:\/\/motokary-karting.sk\/cz\/wp-json\/wp\/v2\/product"}],"about":[{"href":"https:\/\/motokary-karting.sk\/cz\/wp-json\/wp\/v2\/types\/product"}],"wp:featuredmedia":[{"embeddable":true,"href":"https:\/\/motokary-karting.sk\/cz\/wp-json\/wp\/v2\/media\/13327"}],"wp:attachment":[{"href":"https:\/\/motokary-karting.sk\/cz\/wp-json\/wp\/v2\/media?parent=5443"}],"wp:term":[{"taxonomy":"product_brand","embeddable":true,"href":"https:\/\/motokary-karting.sk\/cz\/wp-json\/wp\/v2\/product_brand?post=5443"},{"taxonomy":"product_cat","embeddable":true,"href":"https:\/\/motokary-karting.sk\/cz\/wp-json\/wp\/v2\/product_cat?post=5443"},{"taxonomy":"product_tag","embeddable":true,"href":"https:\/\/motokary-karting.sk\/cz\/wp-json\/wp\/v2\/product_tag?post=5443"}],"curies":[{"name":"wp","href":"https:\/\/api.w.org\/{rel}","templated":true}]}}