{"id":5455,"date":"2020-11-24T06:06:09","date_gmt":"2020-11-24T06:06:09","guid":{"rendered":"https:\/\/motokary-karting.sk\/?post_type=product&#038;p=5455"},"modified":"2026-04-12T14:45:43","modified_gmt":"2026-04-12T14:45:43","slug":"omp-ks-one-rib-protector","status":"publish","type":"product","link":"https:\/\/motokary-karting.sk\/cz\/produkt\/omp-ks-one-rebrovy-chranic\/","title":{"rendered":"Chr\u00e1ni\u010d \u017eeber OMP KS ONE"},"content":{"rendered":"<p>Profesion\u00e1ln\u00ed ochrann\u00e1 vesta OMP KS ONE s visk\u00f3zn\u00edmi elastick\u00fdmi vlo\u017ekami<br \/>\nz PU p\u011bny. Vynikaj\u00edc\u00ed ochrana d\u00edky inovativn\u00edmu ergonomick\u00e9mu tvaru.<br \/>\npanely, kter\u00e9 kop\u00edruj\u00ed tvar t\u011bla. D\u00edky dlouh\u00e9 konstrukci zadn\u00edho panelu<br \/>\np\u00e1te\u0159 je dob\u0159e kryta a\u017e k ocasu, ani\u017e by byl omezen pohyb.<br \/>\nIndividu\u00e1ln\u00ed nastaven\u00ed je mo\u017en\u00e9 d\u00edky d\u00e9lkov\u011b nastaviteln\u00fdm ramenn\u00edm popruh\u016fm a dvojit\u00e9mu D-krou\u017eku.<\/p>\n<p>Barva: \u010dern\u00e1<\/p>\n<p>Velikosti:<br \/>\nXS \/ S (spodn\u00ed obvod hrudn\u00edku cca 70 - 89 cm \/ v\u00fd\u0161ka cca 160 - 170 cm)<br \/>\nM \/ L (spodn\u00ed obvod hrudn\u00edku cca 89 - 110 cm \/ v\u00fd\u0161ka cca 170 - 190 cm)<\/p>","protected":false},"excerpt":{"rendered":"<p>Profesion\u00e1ln\u00ed ochrann\u00e1 vesta OMP KS ONE s visk\u00f3zn\u00edmi elastick\u00fdmi vlo\u017ekami z PU p\u011bny. Vynikaj\u00edc\u00ed ochrana d\u00edky inovativn\u00edm, ergonomicky tvarovan\u00fdm panel\u016fm, kter\u00e9 kop\u00edruj\u00ed tvar t\u011bla. D\u00edky...<\/p>","protected":false},"featured_media":9678,"template":"","meta":[],"product_brand":[],"product_cat":[88,18],"product_tag":[142,1344,1546,81,1547,1281,1030,1203],"class_list":{"0":"post-5455","1":"product","2":"type-product","3":"status-publish","4":"has-post-thumbnail","6":"product_cat-ochrana-rebier","7":"product_cat-vybava-pretekara","8":"product_tag-karting","9":"product_tag-karting-shop","10":"product_tag-motokarovy-rebrovy-chranic","11":"product_tag-motokary","12":"product_tag-omp-ks-one","13":"product_tag-omp-rebrovy-chranic","14":"product_tag-rebrovy-chranic","15":"product_tag-rebrovy-chranic-na-motokary","17":"first","18":"instock","19":"taxable","20":"shipping-taxable","21":"purchasable","22":"product-type-variable","23":"customify-col","24":"product-has-gallery"},"aioseo_notices":[],"_links":{"self":[{"href":"https:\/\/motokary-karting.sk\/cz\/wp-json\/wp\/v2\/product\/5455","targetHints":{"allow":["GET"]}}],"collection":[{"href":"https:\/\/motokary-karting.sk\/cz\/wp-json\/wp\/v2\/product"}],"about":[{"href":"https:\/\/motokary-karting.sk\/cz\/wp-json\/wp\/v2\/types\/product"}],"wp:featuredmedia":[{"embeddable":true,"href":"https:\/\/motokary-karting.sk\/cz\/wp-json\/wp\/v2\/media\/9678"}],"wp:attachment":[{"href":"https:\/\/motokary-karting.sk\/cz\/wp-json\/wp\/v2\/media?parent=5455"}],"wp:term":[{"taxonomy":"product_brand","embeddable":true,"href":"https:\/\/motokary-karting.sk\/cz\/wp-json\/wp\/v2\/product_brand?post=5455"},{"taxonomy":"product_cat","embeddable":true,"href":"https:\/\/motokary-karting.sk\/cz\/wp-json\/wp\/v2\/product_cat?post=5455"},{"taxonomy":"product_tag","embeddable":true,"href":"https:\/\/motokary-karting.sk\/cz\/wp-json\/wp\/v2\/product_tag?post=5455"}],"curies":[{"name":"wp","href":"https:\/\/api.w.org\/{rel}","templated":true}]}}