{"id":5475,"date":"2020-11-25T13:59:23","date_gmt":"2020-11-25T13:59:23","guid":{"rendered":"https:\/\/motokary-karting.sk\/?post_type=product&#038;p=5475"},"modified":"2024-08-14T13:46:38","modified_gmt":"2024-08-14T13:46:38","slug":"hydraulicka-brzda-cerna-2-pody-cerna-ma20","status":"publish","type":"product","link":"https:\/\/motokary-karting.sk\/cz\/produkt\/brzda-hydraulicka-cierna-2-pod-black-ma20\/","title":{"rendered":"Hydraulick\u00e1 brzda \u010dern\u00e1 | 2-pod \u010dern\u00e1 MA20"},"content":{"rendered":"","protected":false},"excerpt":{"rendered":"","protected":false},"featured_media":23877,"template":"","meta":[],"product_brand":[],"product_cat":[1551,302,1239,271,173,77],"product_tag":[1555,1553,1556,142,81,290,1554,1552],"class_list":{"0":"post-5475","1":"product","2":"type-product","3":"status-publish","4":"has-post-thumbnail","6":"product_cat-brzdove-sady-a-strmene","7":"product_cat-brzdy-prislusenstvo","8":"product_cat-brzdy-prislusenstvo-pozicovna","9":"product_cat-nahradne-diely-na-podvozky","10":"product_cat-podvozky-nahradne-diely","11":"product_cat-rental-karting","12":"product_tag-brzda-ma20","13":"product_tag-brzdovy-strmen","14":"product_tag-brzdovy-strmen-ma20","15":"product_tag-karting","16":"product_tag-motokary","17":"product_tag-pozicovna-motokar","18":"product_tag-zadna-hydraulicka-brzda","19":"product_tag-zadny-brzdovy-strmen","21":"first","22":"onbackorder","23":"taxable","24":"shipping-taxable","25":"purchasable","26":"product-type-simple","27":"customify-col"},"aioseo_notices":[],"_links":{"self":[{"href":"https:\/\/motokary-karting.sk\/cz\/wp-json\/wp\/v2\/product\/5475","targetHints":{"allow":["GET"]}}],"collection":[{"href":"https:\/\/motokary-karting.sk\/cz\/wp-json\/wp\/v2\/product"}],"about":[{"href":"https:\/\/motokary-karting.sk\/cz\/wp-json\/wp\/v2\/types\/product"}],"wp:featuredmedia":[{"embeddable":true,"href":"https:\/\/motokary-karting.sk\/cz\/wp-json\/wp\/v2\/media\/23877"}],"wp:attachment":[{"href":"https:\/\/motokary-karting.sk\/cz\/wp-json\/wp\/v2\/media?parent=5475"}],"wp:term":[{"taxonomy":"product_brand","embeddable":true,"href":"https:\/\/motokary-karting.sk\/cz\/wp-json\/wp\/v2\/product_brand?post=5475"},{"taxonomy":"product_cat","embeddable":true,"href":"https:\/\/motokary-karting.sk\/cz\/wp-json\/wp\/v2\/product_cat?post=5475"},{"taxonomy":"product_tag","embeddable":true,"href":"https:\/\/motokary-karting.sk\/cz\/wp-json\/wp\/v2\/product_tag?post=5475"}],"curies":[{"name":"wp","href":"https:\/\/api.w.org\/{rel}","templated":true}]}}