{"id":5497,"date":"2020-11-25T23:06:03","date_gmt":"2020-11-25T23:06:03","guid":{"rendered":"https:\/\/motokary-karting.sk\/?post_type=product&#038;p=5497"},"modified":"2025-04-22T17:25:38","modified_gmt":"2025-04-22T17:25:38","slug":"brzdovy-valec-standardni-zlate-cerpadlo","status":"publish","type":"product","link":"https:\/\/motokary-karting.sk\/cz\/produkt\/brzdovy-valec-standard-zlaty-pumpa\/","title":{"rendered":"Brzdov\u00fd v\u00e1lec STANDARD zlat\u00fd (\u010derpadlo)"},"content":{"rendered":"","protected":false},"excerpt":{"rendered":"<p>Dod\u00e1n\u00ed zbo\u017e\u00ed na objedn\u00e1vku do 7 dn\u016f<\/p>","protected":false},"featured_media":5498,"template":"","meta":[],"product_brand":[],"product_cat":[1559,302,1239,271,173,77],"product_tag":[596,824,303,1560,142,81],"class_list":{"0":"post-5497","1":"product","2":"type-product","3":"status-publish","4":"has-post-thumbnail","6":"product_cat-brzdove-pumpy","7":"product_cat-brzdy-prislusenstvo","8":"product_cat-brzdy-prislusenstvo-pozicovna","9":"product_cat-nahradne-diely-na-podvozky","10":"product_cat-podvozky-nahradne-diely","11":"product_cat-rental-karting","12":"product_tag-brake","13":"product_tag-brake-pump","14":"product_tag-brzdova-pumpa","15":"product_tag-brzdovy-valec","16":"product_tag-karting","17":"product_tag-motokary","19":"first","20":"onbackorder","21":"taxable","22":"shipping-taxable","23":"purchasable","24":"product-type-simple","25":"customify-col"},"aioseo_notices":[],"_links":{"self":[{"href":"https:\/\/motokary-karting.sk\/cz\/wp-json\/wp\/v2\/product\/5497","targetHints":{"allow":["GET"]}}],"collection":[{"href":"https:\/\/motokary-karting.sk\/cz\/wp-json\/wp\/v2\/product"}],"about":[{"href":"https:\/\/motokary-karting.sk\/cz\/wp-json\/wp\/v2\/types\/product"}],"wp:featuredmedia":[{"embeddable":true,"href":"https:\/\/motokary-karting.sk\/cz\/wp-json\/wp\/v2\/media\/5498"}],"wp:attachment":[{"href":"https:\/\/motokary-karting.sk\/cz\/wp-json\/wp\/v2\/media?parent=5497"}],"wp:term":[{"taxonomy":"product_brand","embeddable":true,"href":"https:\/\/motokary-karting.sk\/cz\/wp-json\/wp\/v2\/product_brand?post=5497"},{"taxonomy":"product_cat","embeddable":true,"href":"https:\/\/motokary-karting.sk\/cz\/wp-json\/wp\/v2\/product_cat?post=5497"},{"taxonomy":"product_tag","embeddable":true,"href":"https:\/\/motokary-karting.sk\/cz\/wp-json\/wp\/v2\/product_tag?post=5497"}],"curies":[{"name":"wp","href":"https:\/\/api.w.org\/{rel}","templated":true}]}}