{"id":5501,"date":"2020-11-25T23:12:56","date_gmt":"2020-11-25T23:12:56","guid":{"rendered":"https:\/\/motokary-karting.sk\/?post_type=product&#038;p=5501"},"modified":"2026-02-08T08:22:02","modified_gmt":"2026-02-08T08:22:02","slug":"valec-brzdoveho-cerpadla-s-krytem-cerny","status":"publish","type":"product","link":"https:\/\/motokary-karting.sk\/cz\/produkt\/brzdovy-valec-pumpa-s-nadobkou-cierny\/","title":{"rendered":"Brzdov\u00fd v\u00e1lec PRO (\u010derpadlo) s n\u00e1dobou \u010dern\u00fd"},"content":{"rendered":"","protected":false},"excerpt":{"rendered":"","protected":false},"featured_media":5503,"template":"","meta":[],"product_brand":[],"product_cat":[1559,302,1239,271,173,77],"product_tag":[596,824,303,2814,142,2817,2815,81,2816],"class_list":{"0":"post-5501","1":"product","2":"type-product","3":"status-publish","4":"has-post-thumbnail","6":"product_cat-brzdove-pumpy","7":"product_cat-brzdy-prislusenstvo","8":"product_cat-brzdy-prislusenstvo-pozicovna","9":"product_cat-nahradne-diely-na-podvozky","10":"product_cat-podvozky-nahradne-diely","11":"product_cat-rental-karting","12":"product_tag-brake","13":"product_tag-brake-pump","14":"product_tag-brzdova-pumpa","15":"product_tag-brzdovy-valec-na-motokaru","16":"product_tag-karting","17":"product_tag-karting-sho","18":"product_tag-motokarovy-brzdovy-valec","19":"product_tag-motokary","20":"product_tag-motokay","22":"first","23":"onbackorder","24":"sold-individually","25":"taxable","26":"shipping-taxable","27":"purchasable","28":"product-type-simple","29":"customify-col","30":"product-has-gallery"},"aioseo_notices":[],"_links":{"self":[{"href":"https:\/\/motokary-karting.sk\/cz\/wp-json\/wp\/v2\/product\/5501","targetHints":{"allow":["GET"]}}],"collection":[{"href":"https:\/\/motokary-karting.sk\/cz\/wp-json\/wp\/v2\/product"}],"about":[{"href":"https:\/\/motokary-karting.sk\/cz\/wp-json\/wp\/v2\/types\/product"}],"wp:featuredmedia":[{"embeddable":true,"href":"https:\/\/motokary-karting.sk\/cz\/wp-json\/wp\/v2\/media\/5503"}],"wp:attachment":[{"href":"https:\/\/motokary-karting.sk\/cz\/wp-json\/wp\/v2\/media?parent=5501"}],"wp:term":[{"taxonomy":"product_brand","embeddable":true,"href":"https:\/\/motokary-karting.sk\/cz\/wp-json\/wp\/v2\/product_brand?post=5501"},{"taxonomy":"product_cat","embeddable":true,"href":"https:\/\/motokary-karting.sk\/cz\/wp-json\/wp\/v2\/product_cat?post=5501"},{"taxonomy":"product_tag","embeddable":true,"href":"https:\/\/motokary-karting.sk\/cz\/wp-json\/wp\/v2\/product_tag?post=5501"}],"curies":[{"name":"wp","href":"https:\/\/api.w.org\/{rel}","templated":true}]}}