{"id":5507,"date":"2020-11-25T23:18:03","date_gmt":"2020-11-25T23:18:03","guid":{"rendered":"https:\/\/motokary-karting.sk\/?post_type=product&#038;p=5507"},"modified":"2024-02-19T10:43:48","modified_gmt":"2024-02-19T10:43:48","slug":"sada-na-opravu-brzdoveho-cerpadla-s-adapterem-ii","status":"publish","type":"product","link":"https:\/\/motokary-karting.sk\/cz\/produkt\/opravna-sada-na-brzdovu-pumpu-s-nadobkou-ii\/","title":{"rendered":"Sada na opravu brzdov\u00e9ho \u010derpadla s n\u00e1dr\u017ekou II"},"content":{"rendered":"<p>0501009 a 0501009-G<\/p>","protected":false},"excerpt":{"rendered":"<p>Dod\u00e1n\u00ed zbo\u017e\u00ed na objedn\u00e1vku do 7 dn\u016f<\/p>","protected":false},"featured_media":5508,"template":"","meta":[],"product_brand":[],"product_cat":[1559,302,1239,271,173,77],"product_tag":[596,824,303,142,81,1562,1561],"class_list":{"0":"post-5507","1":"product","2":"type-product","3":"status-publish","4":"has-post-thumbnail","6":"product_cat-brzdove-pumpy","7":"product_cat-brzdy-prislusenstvo","8":"product_cat-brzdy-prislusenstvo-pozicovna","9":"product_cat-nahradne-diely-na-podvozky","10":"product_cat-podvozky-nahradne-diely","11":"product_cat-rental-karting","12":"product_tag-brake","13":"product_tag-brake-pump","14":"product_tag-brzdova-pumpa","15":"product_tag-karting","16":"product_tag-motokary","17":"product_tag-opravna-sada-na-brzdovu-pumpu","18":"product_tag-opravna-sada-na-brzdovy-valec","20":"first","21":"onbackorder","22":"sold-individually","23":"taxable","24":"shipping-taxable","25":"purchasable","26":"product-type-simple","27":"customify-col"},"aioseo_notices":[],"_links":{"self":[{"href":"https:\/\/motokary-karting.sk\/cz\/wp-json\/wp\/v2\/product\/5507","targetHints":{"allow":["GET"]}}],"collection":[{"href":"https:\/\/motokary-karting.sk\/cz\/wp-json\/wp\/v2\/product"}],"about":[{"href":"https:\/\/motokary-karting.sk\/cz\/wp-json\/wp\/v2\/types\/product"}],"wp:featuredmedia":[{"embeddable":true,"href":"https:\/\/motokary-karting.sk\/cz\/wp-json\/wp\/v2\/media\/5508"}],"wp:attachment":[{"href":"https:\/\/motokary-karting.sk\/cz\/wp-json\/wp\/v2\/media?parent=5507"}],"wp:term":[{"taxonomy":"product_brand","embeddable":true,"href":"https:\/\/motokary-karting.sk\/cz\/wp-json\/wp\/v2\/product_brand?post=5507"},{"taxonomy":"product_cat","embeddable":true,"href":"https:\/\/motokary-karting.sk\/cz\/wp-json\/wp\/v2\/product_cat?post=5507"},{"taxonomy":"product_tag","embeddable":true,"href":"https:\/\/motokary-karting.sk\/cz\/wp-json\/wp\/v2\/product_tag?post=5507"}],"curies":[{"name":"wp","href":"https:\/\/api.w.org\/{rel}","templated":true}]}}