{"id":5531,"date":"2020-11-26T09:44:21","date_gmt":"2020-11-26T09:44:21","guid":{"rendered":"https:\/\/motokary-karting.sk\/?post_type=product&#038;p=5531"},"modified":"2026-03-24T15:22:42","modified_gmt":"2026-03-24T15:22:42","slug":"tesneni-vyfuku-13-x-43-mm-sada-2-ks","status":"publish","type":"product","link":"https:\/\/motokary-karting.sk\/cz\/produkt\/pruzina-vyfuku-13-x-43-mm-sada-2ks\/","title":{"rendered":"Pru\u017eina v\u00fdfuku 13 x 43 mm | SADA 2 kus\u016f"},"content":{"rendered":"","protected":false},"excerpt":{"rendered":"<p>Zbo\u017e\u00ed na sklad\u011b je expedov\u00e1no okam\u017eit\u011b<\/p>","protected":false},"featured_media":5532,"template":"","meta":[],"product_brand":[],"product_cat":[271,1578,412],"product_tag":[142,81,420,1572,421,413,414],"class_list":{"0":"post-5531","1":"product","2":"type-product","3":"status-publish","4":"has-post-thumbnail","6":"product_cat-nahradne-diely-na-podvozky","7":"product_cat-pruziny-vyfuku","8":"product_cat-vyfuky-pruziny-prislusenstvo","9":"product_tag-karting","10":"product_tag-motokary","11":"product_tag-pruzina","12":"product_tag-pruzina-43mm","13":"product_tag-pruzina-vyfuku","14":"product_tag-vyfuk","15":"product_tag-vyfuky","17":"first","18":"instock","19":"taxable","20":"shipping-taxable","21":"purchasable","22":"product-type-simple","23":"customify-col"},"aioseo_notices":[],"_links":{"self":[{"href":"https:\/\/motokary-karting.sk\/cz\/wp-json\/wp\/v2\/product\/5531","targetHints":{"allow":["GET"]}}],"collection":[{"href":"https:\/\/motokary-karting.sk\/cz\/wp-json\/wp\/v2\/product"}],"about":[{"href":"https:\/\/motokary-karting.sk\/cz\/wp-json\/wp\/v2\/types\/product"}],"wp:featuredmedia":[{"embeddable":true,"href":"https:\/\/motokary-karting.sk\/cz\/wp-json\/wp\/v2\/media\/5532"}],"wp:attachment":[{"href":"https:\/\/motokary-karting.sk\/cz\/wp-json\/wp\/v2\/media?parent=5531"}],"wp:term":[{"taxonomy":"product_brand","embeddable":true,"href":"https:\/\/motokary-karting.sk\/cz\/wp-json\/wp\/v2\/product_brand?post=5531"},{"taxonomy":"product_cat","embeddable":true,"href":"https:\/\/motokary-karting.sk\/cz\/wp-json\/wp\/v2\/product_cat?post=5531"},{"taxonomy":"product_tag","embeddable":true,"href":"https:\/\/motokary-karting.sk\/cz\/wp-json\/wp\/v2\/product_tag?post=5531"}],"curies":[{"name":"wp","href":"https:\/\/api.w.org\/{rel}","templated":true}]}}