{"id":5535,"date":"2020-11-26T19:11:46","date_gmt":"2020-11-26T19:11:46","guid":{"rendered":"https:\/\/motokary-karting.sk\/?post_type=product&#038;p=5535"},"modified":"2026-01-29T15:47:51","modified_gmt":"2026-01-29T15:47:51","slug":"flexibilni-vyfukove-potrubi-50mm-50cm","status":"publish","type":"product","link":"https:\/\/motokary-karting.sk\/cz\/produkt\/flexibilne-vyfukove-potrubie-50mm-50cm\/","title":{"rendered":"Ohebn\u00e9 v\u00fdfukov\u00e9 potrub\u00ed 40 mm\/50 mm"},"content":{"rendered":"<p>D\u00e9lka trubky 50 cm<\/p>","protected":false},"excerpt":{"rendered":"<p>D\u00e9lka trubky 50 cm<\/p>","protected":false},"featured_media":32531,"template":"","meta":[],"product_brand":[],"product_cat":[271,1578,412],"product_tag":[1573,1575,1576,1574,142,81,413,414],"class_list":{"0":"post-5535","1":"product","2":"type-product","3":"status-publish","4":"has-post-thumbnail","6":"product_cat-nahradne-diely-na-podvozky","7":"product_cat-pruziny-vyfuku","8":"product_cat-vyfuky-pruziny-prislusenstvo","9":"product_tag-flexi","10":"product_tag-flexi-potrubie","11":"product_tag-flexibilne-vyfukove-potrubie","12":"product_tag-flexibilny-vyfuk","13":"product_tag-karting","14":"product_tag-motokary","15":"product_tag-vyfuk","16":"product_tag-vyfuky","18":"first","19":"onbackorder","20":"taxable","21":"shipping-taxable","22":"purchasable","23":"product-type-variable","24":"customify-col"},"aioseo_notices":[],"_links":{"self":[{"href":"https:\/\/motokary-karting.sk\/cz\/wp-json\/wp\/v2\/product\/5535","targetHints":{"allow":["GET"]}}],"collection":[{"href":"https:\/\/motokary-karting.sk\/cz\/wp-json\/wp\/v2\/product"}],"about":[{"href":"https:\/\/motokary-karting.sk\/cz\/wp-json\/wp\/v2\/types\/product"}],"wp:featuredmedia":[{"embeddable":true,"href":"https:\/\/motokary-karting.sk\/cz\/wp-json\/wp\/v2\/media\/32531"}],"wp:attachment":[{"href":"https:\/\/motokary-karting.sk\/cz\/wp-json\/wp\/v2\/media?parent=5535"}],"wp:term":[{"taxonomy":"product_brand","embeddable":true,"href":"https:\/\/motokary-karting.sk\/cz\/wp-json\/wp\/v2\/product_brand?post=5535"},{"taxonomy":"product_cat","embeddable":true,"href":"https:\/\/motokary-karting.sk\/cz\/wp-json\/wp\/v2\/product_cat?post=5535"},{"taxonomy":"product_tag","embeddable":true,"href":"https:\/\/motokary-karting.sk\/cz\/wp-json\/wp\/v2\/product_tag?post=5535"}],"curies":[{"name":"wp","href":"https:\/\/api.w.org\/{rel}","templated":true}]}}