{"id":5536,"date":"2020-11-26T19:12:39","date_gmt":"2020-11-26T19:12:39","guid":{"rendered":"https:\/\/motokary-karting.sk\/?post_type=product&#038;p=5536"},"modified":"2026-01-29T15:40:49","modified_gmt":"2026-01-29T15:40:49","slug":"tesneni-vyfuku-13-x-52-mm-sada-2-ks","status":"publish","type":"product","link":"https:\/\/motokary-karting.sk\/cz\/produkt\/pruzina-vyfuku-13-x-52-mm-sada-2ks\/","title":{"rendered":"Pru\u017eina v\u00fdfuku 13 x 52 mm | SADA 2 kus\u016f"},"content":{"rendered":"","protected":false},"excerpt":{"rendered":"","protected":false},"featured_media":5532,"template":"","meta":[],"product_brand":[],"product_cat":[271,1578,412],"product_tag":[142,1344,81,420,2512,1577,421,413,414],"class_list":{"0":"post-5536","1":"product","2":"type-product","3":"status-publish","4":"has-post-thumbnail","6":"product_cat-nahradne-diely-na-podvozky","7":"product_cat-pruziny-vyfuku","8":"product_cat-vyfuky-pruziny-prislusenstvo","9":"product_tag-karting","10":"product_tag-karting-shop","11":"product_tag-motokary","12":"product_tag-pruzina","13":"product_tag-pruzina-13x52-mm","14":"product_tag-pruzina-52mm","15":"product_tag-pruzina-vyfuku","16":"product_tag-vyfuk","17":"product_tag-vyfuky","19":"first","20":"instock","21":"taxable","22":"shipping-taxable","23":"purchasable","24":"product-type-simple","25":"customify-col"},"aioseo_notices":[],"_links":{"self":[{"href":"https:\/\/motokary-karting.sk\/cz\/wp-json\/wp\/v2\/product\/5536","targetHints":{"allow":["GET"]}}],"collection":[{"href":"https:\/\/motokary-karting.sk\/cz\/wp-json\/wp\/v2\/product"}],"about":[{"href":"https:\/\/motokary-karting.sk\/cz\/wp-json\/wp\/v2\/types\/product"}],"wp:featuredmedia":[{"embeddable":true,"href":"https:\/\/motokary-karting.sk\/cz\/wp-json\/wp\/v2\/media\/5532"}],"wp:attachment":[{"href":"https:\/\/motokary-karting.sk\/cz\/wp-json\/wp\/v2\/media?parent=5536"}],"wp:term":[{"taxonomy":"product_brand","embeddable":true,"href":"https:\/\/motokary-karting.sk\/cz\/wp-json\/wp\/v2\/product_brand?post=5536"},{"taxonomy":"product_cat","embeddable":true,"href":"https:\/\/motokary-karting.sk\/cz\/wp-json\/wp\/v2\/product_cat?post=5536"},{"taxonomy":"product_tag","embeddable":true,"href":"https:\/\/motokary-karting.sk\/cz\/wp-json\/wp\/v2\/product_tag?post=5536"}],"curies":[{"name":"wp","href":"https:\/\/api.w.org\/{rel}","templated":true}]}}