{"id":5537,"date":"2020-11-26T19:14:49","date_gmt":"2020-11-26T19:14:49","guid":{"rendered":"https:\/\/motokary-karting.sk\/?post_type=product&#038;p=5537"},"modified":"2021-08-18T12:21:45","modified_gmt":"2021-08-18T12:21:45","slug":"vyfukove-potrubi-14-x-123-mm-s-nasazovacim-okem","status":"publish","type":"product","link":"https:\/\/motokary-karting.sk\/cz\/produkt\/pruzina-vyfuku-14-x-123-mm-s-nasadzacim-okom\/","title":{"rendered":"V\u00fdfukov\u00e1 pru\u017eina 14 x 123 mm s okem"},"content":{"rendered":"","protected":false},"excerpt":{"rendered":"","protected":false},"featured_media":5539,"template":"","meta":[],"product_brand":[],"product_cat":[271,1578,412],"product_tag":[142,81,420,421,413,414],"class_list":{"0":"post-5537","1":"product","2":"type-product","3":"status-publish","4":"has-post-thumbnail","6":"product_cat-nahradne-diely-na-podvozky","7":"product_cat-pruziny-vyfuku","8":"product_cat-vyfuky-pruziny-prislusenstvo","9":"product_tag-karting","10":"product_tag-motokary","11":"product_tag-pruzina","12":"product_tag-pruzina-vyfuku","13":"product_tag-vyfuk","14":"product_tag-vyfuky","16":"first","17":"instock","18":"taxable","19":"shipping-taxable","20":"purchasable","21":"product-type-simple","22":"customify-col"},"aioseo_notices":[],"_links":{"self":[{"href":"https:\/\/motokary-karting.sk\/cz\/wp-json\/wp\/v2\/product\/5537","targetHints":{"allow":["GET"]}}],"collection":[{"href":"https:\/\/motokary-karting.sk\/cz\/wp-json\/wp\/v2\/product"}],"about":[{"href":"https:\/\/motokary-karting.sk\/cz\/wp-json\/wp\/v2\/types\/product"}],"wp:featuredmedia":[{"embeddable":true,"href":"https:\/\/motokary-karting.sk\/cz\/wp-json\/wp\/v2\/media\/5539"}],"wp:attachment":[{"href":"https:\/\/motokary-karting.sk\/cz\/wp-json\/wp\/v2\/media?parent=5537"}],"wp:term":[{"taxonomy":"product_brand","embeddable":true,"href":"https:\/\/motokary-karting.sk\/cz\/wp-json\/wp\/v2\/product_brand?post=5537"},{"taxonomy":"product_cat","embeddable":true,"href":"https:\/\/motokary-karting.sk\/cz\/wp-json\/wp\/v2\/product_cat?post=5537"},{"taxonomy":"product_tag","embeddable":true,"href":"https:\/\/motokary-karting.sk\/cz\/wp-json\/wp\/v2\/product_tag?post=5537"}],"curies":[{"name":"wp","href":"https:\/\/api.w.org\/{rel}","templated":true}]}}