{"id":5679,"date":"2020-11-28T22:52:41","date_gmt":"2020-11-28T22:52:41","guid":{"rendered":"https:\/\/motokary-karting.sk\/?post_type=product&#038;p=5679"},"modified":"2026-04-29T07:39:06","modified_gmt":"2026-04-29T07:39:06","slug":"predni-panel-cik-dynamica-black-ibr","status":"publish","type":"product","link":"https:\/\/motokary-karting.sk\/cz\/produkt\/predny-panel-cik-dynamica-cierny-ibr\/","title":{"rendered":"KG P\u0159edn\u00ed panel CIK FIA - naho\u0159e"},"content":{"rendered":"<p>P\u0159edn\u00ed panel se skl\u00e1d\u00e1 ze 2 \u010d\u00e1st\u00ed, horn\u00ed a doln\u00ed.<\/p>","protected":false},"excerpt":{"rendered":"<p>P\u0159edn\u00ed panel se skl\u00e1d\u00e1 ze 2 \u010d\u00e1st\u00ed, horn\u00ed a doln\u00ed.<\/p>","protected":false},"featured_media":33988,"template":"","meta":[],"product_brand":[],"product_cat":[3466,271,184,3482],"product_tag":[142,3484,81,195,1259,3483,186,187],"class_list":{"0":"post-5679","1":"product","2":"type-product","3":"status-publish","4":"has-post-thumbnail","6":"product_cat-crg-kali-kart","7":"product_cat-nahradne-diely-na-podvozky","8":"product_cat-spojlery-prislusenstvo","9":"product_cat-spojlery-prislusenstvo-crg-kali-kart","10":"product_tag-karting","11":"product_tag-kg-predny-panel","12":"product_tag-motokary","13":"product_tag-panel","14":"product_tag-predny-panel","15":"product_tag-predny-panel-kg","16":"product_tag-spoiler","17":"product_tag-spojler","19":"first","20":"onbackorder","21":"taxable","22":"shipping-taxable","23":"purchasable","24":"product-type-simple","25":"customify-col"},"aioseo_notices":[],"_links":{"self":[{"href":"https:\/\/motokary-karting.sk\/cz\/wp-json\/wp\/v2\/product\/5679","targetHints":{"allow":["GET"]}}],"collection":[{"href":"https:\/\/motokary-karting.sk\/cz\/wp-json\/wp\/v2\/product"}],"about":[{"href":"https:\/\/motokary-karting.sk\/cz\/wp-json\/wp\/v2\/types\/product"}],"wp:featuredmedia":[{"embeddable":true,"href":"https:\/\/motokary-karting.sk\/cz\/wp-json\/wp\/v2\/media\/33988"}],"wp:attachment":[{"href":"https:\/\/motokary-karting.sk\/cz\/wp-json\/wp\/v2\/media?parent=5679"}],"wp:term":[{"taxonomy":"product_brand","embeddable":true,"href":"https:\/\/motokary-karting.sk\/cz\/wp-json\/wp\/v2\/product_brand?post=5679"},{"taxonomy":"product_cat","embeddable":true,"href":"https:\/\/motokary-karting.sk\/cz\/wp-json\/wp\/v2\/product_cat?post=5679"},{"taxonomy":"product_tag","embeddable":true,"href":"https:\/\/motokary-karting.sk\/cz\/wp-json\/wp\/v2\/product_tag?post=5679"}],"curies":[{"name":"wp","href":"https:\/\/api.w.org\/{rel}","templated":true}]}}