{"id":5683,"date":"2021-07-13T07:09:10","date_gmt":"2021-07-13T07:09:10","guid":{"rendered":"https:\/\/motokary-karting.sk\/?post_type=product&#038;p=5683"},"modified":"2026-02-26T17:02:36","modified_gmt":"2026-02-26T17:02:36","slug":"sada-2ks-horcikovych-cernych-prednich-disku-dwt-mgv-typ-5-d-130mm-d-40-58mm-se-srouby","status":"publish","type":"product","link":"https:\/\/motokary-karting.sk\/cz\/produkt\/sada-2ks-disky-magnesium-cierne-predne-dwt-mgv-typ-5-l-130mm-d-40-58mm-so-skrutkami\/","title":{"rendered":"Sada 2ks \u010dern\u00fdch p\u0159edn\u00edch disk\u016f MAGNESIUM DWT | Typ MGV - 132mm se \u0161rouby"},"content":{"rendered":"","protected":false},"excerpt":{"rendered":"","protected":false},"featured_media":32940,"template":"","meta":[],"product_brand":[],"product_cat":[209,271,1464],"product_tag":[1602,1603,210,211,1605,1606,1607,1467,142,1344,1604,1468,81],"class_list":{"0":"post-5683","1":"product","2":"type-product","3":"status-publish","4":"has-post-thumbnail","6":"product_cat-disky-prislusenstvo","7":"product_cat-nahradne-diely-na-podvozky","8":"product_cat-predne","9":"product_tag-cierne-disky-na-motokaru","10":"product_tag-cierne-motokarove-disky","11":"product_tag-disk","12":"product_tag-disk-predny","13":"product_tag-disky-magnezium","14":"product_tag-dwt","15":"product_tag-dwt-disky","16":"product_tag-hlinikovy-disk-na-motokaru","17":"product_tag-karting","18":"product_tag-karting-shop","19":"product_tag-magneziove-disky","20":"product_tag-motokarove-disky","21":"product_tag-motokary","23":"first","24":"onbackorder","25":"taxable","26":"shipping-taxable","27":"purchasable","28":"product-type-simple","29":"customify-col","30":"product-has-gallery"},"aioseo_notices":[],"_links":{"self":[{"href":"https:\/\/motokary-karting.sk\/cz\/wp-json\/wp\/v2\/product\/5683","targetHints":{"allow":["GET"]}}],"collection":[{"href":"https:\/\/motokary-karting.sk\/cz\/wp-json\/wp\/v2\/product"}],"about":[{"href":"https:\/\/motokary-karting.sk\/cz\/wp-json\/wp\/v2\/types\/product"}],"wp:featuredmedia":[{"embeddable":true,"href":"https:\/\/motokary-karting.sk\/cz\/wp-json\/wp\/v2\/media\/32940"}],"wp:attachment":[{"href":"https:\/\/motokary-karting.sk\/cz\/wp-json\/wp\/v2\/media?parent=5683"}],"wp:term":[{"taxonomy":"product_brand","embeddable":true,"href":"https:\/\/motokary-karting.sk\/cz\/wp-json\/wp\/v2\/product_brand?post=5683"},{"taxonomy":"product_cat","embeddable":true,"href":"https:\/\/motokary-karting.sk\/cz\/wp-json\/wp\/v2\/product_cat?post=5683"},{"taxonomy":"product_tag","embeddable":true,"href":"https:\/\/motokary-karting.sk\/cz\/wp-json\/wp\/v2\/product_tag?post=5683"}],"curies":[{"name":"wp","href":"https:\/\/api.w.org\/{rel}","templated":true}]}}