{"id":5702,"date":"2021-07-13T07:42:38","date_gmt":"2021-07-13T07:42:38","guid":{"rendered":"https:\/\/motokary-karting.sk\/?post_type=product&#038;p=5702"},"modified":"2026-01-29T15:03:19","modified_gmt":"2026-01-29T15:03:19","slug":"uchyceni-lana-pro-tyc-volantu","status":"publish","type":"product","link":"https:\/\/motokary-karting.sk\/cz\/produkt\/uchyt-bovdenu-lanka-na-volantovu-tyc\/","title":{"rendered":"Bovden \/ kabelov\u00e1 rukoje\u0165 pro sloupek \u0159\u00edzen\u00ed | \u010derven\u00e1"},"content":{"rendered":"<p>speci\u00e1ln\u00ed rukoje\u0165 pro sloupek \u0159\u00edzen\u00ed<\/p>","protected":false},"excerpt":{"rendered":"<p>speci\u00e1ln\u00ed rukoje\u0165 pro sloupek \u0159\u00edzen\u00ed<\/p>","protected":false},"featured_media":10448,"template":"","meta":[],"product_brand":[],"product_cat":[271,276,378],"product_tag":[1621,1620,142,1344,81],"class_list":{"0":"post-5702","1":"product","2":"type-product","3":"status-publish","4":"has-post-thumbnail","6":"product_cat-nahradne-diely-na-podvozky","7":"product_cat-ostatne","8":"product_cat-riadenie-prislusenstvo","9":"product_tag-drziak-bovdenu-na-volantovu-tyc","10":"product_tag-drziak-spojkoveho-lanka","11":"product_tag-karting","12":"product_tag-karting-shop","13":"product_tag-motokary","15":"first","16":"instock","17":"taxable","18":"shipping-taxable","19":"purchasable","20":"product-type-simple","21":"customify-col"},"aioseo_notices":[],"_links":{"self":[{"href":"https:\/\/motokary-karting.sk\/cz\/wp-json\/wp\/v2\/product\/5702","targetHints":{"allow":["GET"]}}],"collection":[{"href":"https:\/\/motokary-karting.sk\/cz\/wp-json\/wp\/v2\/product"}],"about":[{"href":"https:\/\/motokary-karting.sk\/cz\/wp-json\/wp\/v2\/types\/product"}],"wp:featuredmedia":[{"embeddable":true,"href":"https:\/\/motokary-karting.sk\/cz\/wp-json\/wp\/v2\/media\/10448"}],"wp:attachment":[{"href":"https:\/\/motokary-karting.sk\/cz\/wp-json\/wp\/v2\/media?parent=5702"}],"wp:term":[{"taxonomy":"product_brand","embeddable":true,"href":"https:\/\/motokary-karting.sk\/cz\/wp-json\/wp\/v2\/product_brand?post=5702"},{"taxonomy":"product_cat","embeddable":true,"href":"https:\/\/motokary-karting.sk\/cz\/wp-json\/wp\/v2\/product_cat?post=5702"},{"taxonomy":"product_tag","embeddable":true,"href":"https:\/\/motokary-karting.sk\/cz\/wp-json\/wp\/v2\/product_tag?post=5702"}],"curies":[{"name":"wp","href":"https:\/\/api.w.org\/{rel}","templated":true}]}}