{"id":5731,"date":"2020-11-29T00:42:53","date_gmt":"2020-11-29T00:42:53","guid":{"rendered":"https:\/\/motokary-karting.sk\/?post_type=product&#038;p=5731"},"modified":"2026-04-16T18:19:53","modified_gmt":"2026-04-16T18:19:53","slug":"vicko-jehly-karburatoru","status":"publish","type":"product","link":"https:\/\/motokary-karting.sk\/cz\/produkt\/zavlacka-na-ihlu-karburatora\/","title":{"rendered":"Svorka jehly karbur\u00e1toru"},"content":{"rendered":"","protected":false},"excerpt":{"rendered":"<p>Zbo\u017e\u00ed na sklad\u011b je expedov\u00e1no okam\u017eit\u011b<\/p>","protected":false},"featured_media":5732,"template":"","meta":[],"product_brand":[],"product_cat":[1324,1642,2755,2756,2332,2822,2331,2333,645,744,2688,2686,858],"product_tag":[1646,1721,142,81,920,1641],"class_list":{"0":"post-5731","1":"product","2":"type-product","3":"status-publish","4":"has-post-thumbnail","6":"product_cat-iame","7":"product_cat-karburatory-prislusenstvo","8":"product_cat-model-tm-k10","9":"product_cat-model-tm-k10b","10":"product_cat-model-tm-k10c","11":"product_cat-model-tm-k9b","12":"product_cat-model-tm-k9c","13":"product_cat-model-tm-kz-r1","14":"product_cat-nahradne-diely-na-motory","15":"product_cat-rotax-max","16":"product_cat-sekcia-evo-upgrade-sada","17":"product_cat-sekcia-karburator","18":"product_cat-tm-racing-nahradne-diely-na-motory","19":"product_tag-ihla-u","20":"product_tag-karburatorova-ihla","21":"product_tag-karting","22":"product_tag-motokary","23":"product_tag-zavlacka","24":"product_tag-zavlacka-na-ihlu-karburatora","26":"first","27":"instock","28":"taxable","29":"shipping-taxable","30":"purchasable","31":"product-type-simple","32":"customify-col"},"aioseo_notices":[],"_links":{"self":[{"href":"https:\/\/motokary-karting.sk\/cz\/wp-json\/wp\/v2\/product\/5731","targetHints":{"allow":["GET"]}}],"collection":[{"href":"https:\/\/motokary-karting.sk\/cz\/wp-json\/wp\/v2\/product"}],"about":[{"href":"https:\/\/motokary-karting.sk\/cz\/wp-json\/wp\/v2\/types\/product"}],"wp:featuredmedia":[{"embeddable":true,"href":"https:\/\/motokary-karting.sk\/cz\/wp-json\/wp\/v2\/media\/5732"}],"wp:attachment":[{"href":"https:\/\/motokary-karting.sk\/cz\/wp-json\/wp\/v2\/media?parent=5731"}],"wp:term":[{"taxonomy":"product_brand","embeddable":true,"href":"https:\/\/motokary-karting.sk\/cz\/wp-json\/wp\/v2\/product_brand?post=5731"},{"taxonomy":"product_cat","embeddable":true,"href":"https:\/\/motokary-karting.sk\/cz\/wp-json\/wp\/v2\/product_cat?post=5731"},{"taxonomy":"product_tag","embeddable":true,"href":"https:\/\/motokary-karting.sk\/cz\/wp-json\/wp\/v2\/product_tag?post=5731"}],"curies":[{"name":"wp","href":"https:\/\/api.w.org\/{rel}","templated":true}]}}