{"id":5736,"date":"2020-11-29T00:59:48","date_gmt":"2020-11-29T00:59:48","guid":{"rendered":"https:\/\/motokary-karting.sk\/?post_type=product&#038;p=5736"},"modified":"2026-04-20T07:19:26","modified_gmt":"2026-04-20T07:19:26","slug":"smesovaci-komin-karburatoru-typ-dq","status":"publish","type":"product","link":"https:\/\/motokary-karting.sk\/cz\/produkt\/zmiesavaci-komin-do-karburatora-typ-dq\/","title":{"rendered":"Sm\u011b\u0161ovac\u00ed \u201ckom\u00edn\u201d pro karbur\u00e1tor typu DQ"},"content":{"rendered":"","protected":false},"excerpt":{"rendered":"","protected":false},"featured_media":5740,"template":"","meta":[],"product_brand":[],"product_cat":[1324,1642,2332,2331,2333,645,858],"product_tag":[1653,142,1650,1652,1648,1651,81,431,1649],"class_list":{"0":"post-5736","1":"product","2":"type-product","3":"status-publish","4":"has-post-thumbnail","6":"product_cat-iame","7":"product_cat-karburatory-prislusenstvo","8":"product_cat-model-tm-k10c","9":"product_cat-model-tm-k9c","10":"product_cat-model-tm-kz-r1","11":"product_cat-nahradne-diely-na-motory","12":"product_cat-tm-racing-nahradne-diely-na-motory","13":"product_tag-dellorto","14":"product_tag-karting","15":"product_tag-komin-do-karburatora","16":"product_tag-komin-do-karburatora-dellorto","17":"product_tag-komin-dq","18":"product_tag-komin-karburator-dq","19":"product_tag-motokary","20":"product_tag-tm-racing","21":"product_tag-zmiesavaci-komin-dq","23":"first","24":"instock","25":"taxable","26":"shipping-taxable","27":"purchasable","28":"product-type-variable","29":"customify-col"},"aioseo_notices":[],"_links":{"self":[{"href":"https:\/\/motokary-karting.sk\/cz\/wp-json\/wp\/v2\/product\/5736","targetHints":{"allow":["GET"]}}],"collection":[{"href":"https:\/\/motokary-karting.sk\/cz\/wp-json\/wp\/v2\/product"}],"about":[{"href":"https:\/\/motokary-karting.sk\/cz\/wp-json\/wp\/v2\/types\/product"}],"wp:featuredmedia":[{"embeddable":true,"href":"https:\/\/motokary-karting.sk\/cz\/wp-json\/wp\/v2\/media\/5740"}],"wp:attachment":[{"href":"https:\/\/motokary-karting.sk\/cz\/wp-json\/wp\/v2\/media?parent=5736"}],"wp:term":[{"taxonomy":"product_brand","embeddable":true,"href":"https:\/\/motokary-karting.sk\/cz\/wp-json\/wp\/v2\/product_brand?post=5736"},{"taxonomy":"product_cat","embeddable":true,"href":"https:\/\/motokary-karting.sk\/cz\/wp-json\/wp\/v2\/product_cat?post=5736"},{"taxonomy":"product_tag","embeddable":true,"href":"https:\/\/motokary-karting.sk\/cz\/wp-json\/wp\/v2\/product_tag?post=5736"}],"curies":[{"name":"wp","href":"https:\/\/api.w.org\/{rel}","templated":true}]}}